{"id":6638,"date":"2023-07-11T08:55:50","date_gmt":"2023-07-11T06:55:50","guid":{"rendered":"https:\/\/agazzicontainers.com\/home\/"},"modified":"2024-01-08T09:35:55","modified_gmt":"2024-01-08T08:35:55","slug":"home","status":"publish","type":"page","link":"https:\/\/agazzicontainers.com\/fr\/","title":{"rendered":"HOME FR"},"content":{"rendered":"\n\n\t\t\t<h4>Solutions avanc\u00e9es <br \/>d\u00e9di\u00e9es \u00e0 l&rsquo;\u00e9cologie<\/h4>\t\t\t\n\t\t\t\t<h1>V\u00e9hicules, camions et \u00e9quipements sp\u00e9cialis\u00e9s d\u00e9di\u00e9s \u00e0 la protection de l&rsquo;environnement<\/h1>\n\t\t\t<a href=\"https:\/\/agazzicontainers.com\/fr\/catalogo\/\" target=\"_self\" role=\"button\" aria-label=\"En savoir plus\" rel=\"noopener\">\n\t\t\t\t\t\t\tEn savoir plus\n\t\t<\/a>\n\t\t<a href=\"\/fr\/allestimenti-autocarri-raccolta-rifiuti\/\" target=\"_self\" rel=\"noopener\">\n\t\t\t\t\t\t\t\t\t\t\t<img decoding=\"async\" src=\"https:\/\/agazzicontainers.com\/wp-content\/uploads\/2017\/07\/allestimenti-autocarri-costipatore-02.jpg\" alt=\"ISUZU PTT 55q Allestito  \ncon costipatore a paletta, con dispositivo voltacontenitori\"\/>\n\t\t\t\t\t\t<h2>\n\t\t\t\t\t\tCamions de collecte des d\u00e9chets\t\t<\/h2>\n\t\t<\/a>\n\t\t<a href=\"https:\/\/agazzicontainers.com\/fr\/autocarri-scarrabile-attrezzatura\/\" target=\"_self\" rel=\"noopener\">\n\t\t\t\t\t\t\t\t\t\t\t<img decoding=\"async\" src=\"https:\/\/agazzicontainers.com\/wp-content\/uploads\/2017\/09\/img-cate-agazzi-02.jpg\" alt=\"img-cate-agazzi-02\"\/>\n\t\t\t\t\t\t<h2>\n\t\t\t\t\t\tV\u00e9hicules \u00e9quip\u00e9s avec bras de levage et \u00e9quipement amovibles\t\t<\/h2>\n\t\t<\/a>\n\t\t<a href=\"https:\/\/agazzicontainers.com\/fr\/autocarri-gru-scarrabile\/\" target=\"_self\" rel=\"noopener\">\n\t\t\t\t\t\t\t\t\t\t\t<img decoding=\"async\" src=\"https:\/\/agazzicontainers.com\/wp-content\/uploads\/2017\/07\/allestimenti-veicoli-scarrabili-gru-01.jpg\" alt=\"IVECO PTT 260q\nAllestito con gru MARCHESI M10L e scarrabile ATIB 25 ton,\nbraccio telescopico con articolazione\"\/>\n\t\t\t\t\t\t<h2>\n\t\t\t\t\t\tV\u00e9hicules \u00e9quip\u00e9s avec  bras de l\u00e9vage et grue\t\t<\/h2>\n\t\t<\/a>\n\t\t<a href=\"https:\/\/agazzicontainers.com\/fr\/gru-container-scarrabili\/\" target=\"_self\" rel=\"noopener\">\n\t\t\t\t\t\t\t\t\t\t\t<img decoding=\"async\" src=\"https:\/\/agazzicontainers.com\/wp-content\/uploads\/2017\/07\/allestimenti-gru-containers-scarrabili-02.jpg\" alt=\"Container scarrabile in XAR 450\nCon gru MARCHESI M12RT, braccio ripieghevole\"\/>\n\t\t\t\t\t\t<h2>\n\t\t\t\t\t\tConteneurs amovibles  \u00e9quipes avec grues\t\t<\/h2>\n\t\t<\/a>\n\t\t<a href=\"https:\/\/agazzicontainers.com\/fr\/veicoli-ribaltabili-gru\/\" target=\"_self\" rel=\"noopener\">\n\t\t\t\t\t\t\t\t\t\t\t<img decoding=\"async\" src=\"https:\/\/agazzicontainers.com\/wp-content\/uploads\/2017\/07\/allestimenti-semirimorchi-scarrabili-ribaltabile-04.jpg\" alt=\"Trattore SCANIA - BARTOLETTI PTT 440q\nAllestito con cassone ribaltabile XAR 450 e\ngru EPSILON mod Q150Z95TR\"\/>\n\t\t\t\t\t\t<h2>\n\t\t\t\t\t\tSemi-remorques amovibles  et rabattables\t\t<\/h2>\n\t\t<\/a>\n\t\t<a href=\"https:\/\/agazzicontainers.com\/fr\/veicoli-cassoni-ribaltabili-gru\/\" target=\"_self\" rel=\"noopener\">\n\t\t\t\t\t\t\t\t\t\t\t<img decoding=\"async\" src=\"https:\/\/agazzicontainers.com\/wp-content\/uploads\/2017\/07\/allestimenti-veicoli-cassoni-gru-06.jpg\" alt=\"IVECO PTT 320q\nAllestito con cassone ribaltabile in XAR 450,copertura in rete e\ngru MARCHESI M12F, braccio ripieghevole\"\/>\n\t\t\t\t\t\t<h2>\n\t\t\t\t\t\tV\u00e9hicules \u00e9quip\u00e9s avec  caissons rabattables et grue\t\t<\/h2>\n\t\t<\/a>\n\t\t<a href=\"https:\/\/agazzicontainers.com\/fr\/compattatori-scarrabili\/\" target=\"_self\" rel=\"noopener\">\n\t\t\t\t\t\t\t\t\t\t\t<img decoding=\"async\" src=\"https:\/\/agazzicontainers.com\/wp-content\/uploads\/2017\/09\/img-cate-agazzi-09.jpg\" alt=\"img-cate-agazzi-09\"\/>\n\t\t\t\t\t\t<h2>\n\t\t\t\t\t\tCompacteurs  amovible\t\t<\/h2>\n\t\t<\/a>\n\t\t<a href=\"\/fr\/containers-e-contenitori-pianali-scarrabili\/\" target=\"_self\" rel=\"noopener\">\n\t\t\t\t\t\t\t\t\t\t\t<img decoding=\"async\" src=\"https:\/\/agazzicontainers.com\/wp-content\/uploads\/2017\/09\/img-cate-agazzi-10.jpg\" alt=\"img-cate-agazzi-10\"\/>\n\t\t\t\t\t\t<h2>\n\t\t\t\t\t\tConteneurs et conteneurs  palettes d\u00e9montables\t\t<\/h2>\n\t\t<\/a>\n\t\t<a href=\"\/fr\/cisterna-scarrabile\/\" target=\"_self\" rel=\"noopener\">\n\t\t\t\t\t\t\t\t\t\t\t<img decoding=\"async\" src=\"https:\/\/agazzicontainers.com\/wp-content\/uploads\/2017\/07\/cisterne-scarrabili-01.jpg\" alt=\"Cisterna scarrabile in S275JR\nCapacit\u00e0 lt. 15.000 con portellone ad apertura idraulica\"\/>\n\t\t\t\t\t\t<h2>\n\t\t\t\t\t\tRemorques  amovibles\t\t<\/h2>\n\t\t<\/a>\n\t\t<a href=\"\/fr\/rimorchi-carrello-scarramento\/\" target=\"_self\" rel=\"noopener\">\n\t\t\t\t\t\t\t\t\t\t\t<img decoding=\"async\" src=\"https:\/\/agazzicontainers.com\/wp-content\/uploads\/2017\/07\/rimorchi-scarrabili-02.jpg\" alt=\"Rimorchio PTT 200q\nPneumatico allestito con carrello incarramento e\nscarramento container, collaudo ADR\"\/>\n\t\t\t\t\t\t<h2>\n\t\t\t\t\t\tCiternes  roulantes\t\t<\/h2>\n\t\t<\/a>\n\t\t\t\t<img loading=\"lazy\" decoding=\"async\" src=\"https:\/\/agazzicontainers.com\/wp-content\/uploads\/2023\/07\/home-img-02a.jpg\" alt=\"home-img-02a\" itemprop=\"image\" height=\"825\" width=\"900\" title=\"home-img-02a\" onerror=\"this.style.display='none'\"  \/>\n\t\t\t<h3>Agazzi containers<\/h3>\t\t\t\n<p>Nos services<\/p>\n\t<a href=\"https:\/\/agazzicontainers.com\/fr\/servizi\/#post-vendita\" target=\"_self\" aria-label=\"Go to https:\/\/agazzicontainers.com\/fr\/servizi\/#post-vendita\" rel=\"noopener\"><\/a>\t\t\t\t\n\t\t\t<h3>Assistance technique et r\u00e9parations<\/h3>\t\t\t\n\t\t\t\t<p>Assistance technique et apr\u00e8s-vente sp\u00e9cialis\u00e9e, avec des solutions personnalis\u00e9es pour chaque client et une assistance professionnelle pour une maintenance efficace.<\/p>\n\t<a href=\"https:\/\/agazzicontainers.com\/fr\/servizi\/#collaudi\" target=\"_self\" aria-label=\"Go to https:\/\/agazzicontainers.com\/fr\/servizi\/#collaudi\" rel=\"noopener\"><\/a>\t\t\t\t\n\t\t\t<h3>Tests<\/h3>\t\t\t\n\t\t\t\t<p>Nous proposons des tests CCTM pour les transports ADR, la d\u00e9livrance de certificats, des inspections de service et des inspections p\u00e9riodiques des grues, ainsi que des cours obligatoires.<\/p>\n\t<a href=\"https:\/\/agazzicontainers.com\/fr\/servizi\/#magazzino-logistica\" target=\"_self\" aria-label=\"Go to https:\/\/agazzicontainers.com\/fr\/servizi\/#magazzino-logistica\" rel=\"noopener\"><\/a>\t\t\t\t\n\t\t\t<h3>Entrep\u00f4t et logistique<\/h3>\t\t\t\n\t\t\t\t<p>Entrep\u00f4t de pi\u00e8ces d\u00e9tach\u00e9es pour un service rapide sur les conteneurs et les \u00e9quipements. Logistique efficace pour des livraisons rapides en Italie.<\/p>\n\t\t\t\t<img loading=\"lazy\" decoding=\"async\" src=\"https:\/\/agazzicontainers.com\/wp-content\/uploads\/2023\/12\/50-anni-esperienza-fr.png\" alt=\"50-anni-esperienza\" itemprop=\"image\" height=\"626\" width=\"601\" title=\"50-anni-esperienza\" onerror=\"this.style.display='none'\"  \/>\n\t<p>\/\/ <\/p>\n\t<h1>V\u00e9hicules, camions et \u00e9quipements sp\u00e9cialis\u00e9s pour le secteur de l&rsquo;\u00e9cologie<\/h1>\n\t\t\t<a href=\"\/fr\/nouveau\/\" target=\"_self\" rel=\"noopener\">\n\t\t\t\t\t\tNouveau\n\t\t\t\t\t<\/a>\n\t\t\t<a href=\"\/fr\/veicoli-industriali-usati\/\" target=\"_self\" rel=\"noopener\">\n\t\t\t\t\t\tUtilis\u00e9\n\t\t\t\t\t<\/a>\n\t\t\t<a href=\"\/fr\/pret-pour-la-livraison\/\" target=\"_self\" rel=\"noopener\">\n\t\t\t\t\t\tPr\u00eat pour la livraison\n\t\t\t\t\t<\/a>\n\t\t\t<a href=\"\/fr\/servizi\/\" target=\"_self\" rel=\"noopener\">\n\t\t\t\t\t\tServices\n\t\t\t\t\t<\/a>\n\t<p>Notre longue exp\u00e9rience, associ\u00e9e \u00e0 un investissement continu dans l&rsquo;innovation et la technologie, a jou\u00e9 un r\u00f4le crucial. Au fil des ans, nous avons d\u00e9velopp\u00e9 des produits de plus en plus fiables et comp\u00e9titifs. Nous proposons une large gamme de v\u00e9hicules, de camions, d&rsquo;\u00e9quipements industriels et d&rsquo;\u00e9quipements technologiquement avanc\u00e9s, qui peuvent \u00eatre personnalis\u00e9s pour r\u00e9pondre aux besoins sp\u00e9cifiques de chaque client.<\/p>\n\t\t\t\t<img loading=\"lazy\" decoding=\"async\" src=\"https:\/\/agazzicontainers.com\/wp-content\/uploads\/2021\/09\/logo-rina-certificazione-01.jpg\" alt=\"logo-rina-certificazione-01\" itemprop=\"image\" height=\"103\" width=\"158\" title=\"logo-rina-certificazione-01\" onerror=\"this.style.display='none'\"  \/>\n\t<ul>\n<li>5 d\u00e9partements de production<\/li>\n<li>7 000 m\u00e8tres carr\u00e9s de surface couverte<\/li>\n<li>18 000 m\u00e8tres carr\u00e9s de surface ext\u00e9rieure<\/li>\n<\/ul>\n\t\t\t<h3>Agazzi containers<\/h3>\t\t\t\n<p>Nouveaux produits et produits d&rsquo;occasion en stock<\/p>\n\t\t\t\t\t\t\t\t\t\t\t\t\t\t<a href=\"https:\/\/agazzicontainers.com\/fr\/compattatore-rigenerato\/\" target=\"_self\" title=\"Compattatore rigenerato\" rel=\"noopener\">\n\t\t\t\t<img decoding=\"async\" src=\"https:\/\/agazzicontainers.com\/wp-content\/uploads\/2023\/09\/Compattatore-rigenerato.jpg\" alt=\"\" \/>\n\t\t\t\t<\/a>\n\t\t\t\t\t\t<h3>\n\t\t\t\t<a href=https:\/\/agazzicontainers.com\/fr\/compattatore-rigenerato\/ title=\"Compattatore rigenerato\" tabindex=\"0\">Compattatore rigenerato<\/a>\t\t\t<\/h3>\n\t\t\t\t\t\t\t\t\t\t\t\t\t\t<a href=\"https:\/\/agazzicontainers.com\/fr\/container-bte-scarrabile-con-gru-polipo\/\" target=\"_self\" title=\"Container BTE scarrabile con gru + polipo\" rel=\"noopener\">\n\t\t\t\t<img decoding=\"async\" src=\"https:\/\/agazzicontainers.com\/wp-content\/uploads\/2023\/10\/Container-bte-scarrabile-usato-con-gru.jpg\" alt=\"\" \/>\n\t\t\t\t<\/a>\n\t\t\t\t\t\t<h3>\n\t\t\t\t<a href=https:\/\/agazzicontainers.com\/fr\/container-bte-scarrabile-con-gru-polipo\/ title=\"Container BTE scarrabile con gru + polipo\" tabindex=\"0\">Container BTE scarrabile con gru + polipo<\/a>\t\t\t<\/h3>\n\t\t\t\t\t\t\t\t\t\t\t\t\t\t<a href=\"https:\/\/agazzicontainers.com\/fr\/autocarrro-usato-iveco-daily-35c18-e4-con-vasca-ribaltabile\/\" target=\"_self\" title=\"Autocarrro usato Iveco Daily 35C18\/E4 con vasca ribaltabile\" rel=\"noopener\">\n\t\t\t\t<img decoding=\"async\" src=\"https:\/\/agazzicontainers.com\/wp-content\/uploads\/2023\/06\/Autocarro-IVECO-DAILY-35C18_E4-con-vasca-ribaltabile.jpg\" alt=\"\" \/>\n\t\t\t\t<\/a>\n\t\t\t\t\t\t<h3>\n\t\t\t\t<a href=https:\/\/agazzicontainers.com\/fr\/autocarrro-usato-iveco-daily-35c18-e4-con-vasca-ribaltabile\/ title=\"Autocarrro usato Iveco Daily 35C18\/E4 con vasca ribaltabile\" tabindex=\"0\">Autocarrro usato Iveco Daily 35C18\/E4 con vasca ribaltabile<\/a>\t\t\t<\/h3>\n\t\t\t\t\t\t\t\t\t\t\t\t\t\t<a href=\"https:\/\/agazzicontainers.com\/fr\/rimorchio-nuovo-a-telaio-2-assi-gemellati-da-225-da-allestire\/\" target=\"_self\" title=\"Rimorchio nuovo a telaio 2 assi gemellati da 22,5 da allestire\" rel=\"noopener\">\n\t\t\t\t<img decoding=\"async\" src=\"https:\/\/agazzicontainers.com\/wp-content\/uploads\/2023\/06\/Rimorchio-BARTOLETTInuovo-a-telaio.jpg\" alt=\"\" \/>\n\t\t\t\t<\/a>\n\t\t\t\t\t\t<h3>\n\t\t\t\t<a href=https:\/\/agazzicontainers.com\/fr\/rimorchio-nuovo-a-telaio-2-assi-gemellati-da-225-da-allestire\/ title=\"Rimorchio nuovo a telaio 2 assi gemellati da 22,5 da allestire\" tabindex=\"0\">Rimorchio nuovo a telaio 2 assi gemellati da 22,5 da allestire<\/a>\t\t\t<\/h3>\n\t\t\t\t\t\t\t\t\t\t\t\t\t\t<a href=\"https:\/\/agazzicontainers.com\/fr\/autocarrro-isuzu-m21-th-nuovo-a-telaio\/\" target=\"_self\" title=\"Autocarrro Isuzu M21 TH nuovo a telaio\" rel=\"noopener\">\n\t\t\t\t<img decoding=\"async\" src=\"https:\/\/agazzicontainers.com\/wp-content\/uploads\/2023\/06\/Autocarro-ISUZU-M21-TH-nuovo-a-telaio.jpg\" alt=\"\" \/>\n\t\t\t\t<\/a>\n\t\t\t\t\t\t<h3>\n\t\t\t\t<a href=https:\/\/agazzicontainers.com\/fr\/autocarrro-isuzu-m21-th-nuovo-a-telaio\/ title=\"Autocarrro Isuzu M21 TH nuovo a telaio\" tabindex=\"0\">Autocarrro Isuzu M21 TH nuovo a telaio<\/a>\t\t\t<\/h3>\n\t\t\t\t\t\t\t\t\t\t\t\t\t\t<a href=\"https:\/\/agazzicontainers.com\/fr\/autocarro-iveco-s-way-nuovo-a-telaio\/\" target=\"_self\" title=\"Autocarro Iveco S-WAY nuovo a telaio\" rel=\"noopener\">\n\t\t\t\t<img decoding=\"async\" src=\"https:\/\/agazzicontainers.com\/wp-content\/uploads\/2023\/06\/Autocarro-IVECO-S-WAY-nuovo-a-telaio.jpg\" alt=\"\" \/>\n\t\t\t\t<\/a>\n\t\t\t\t\t\t<h3>\n\t\t\t\t<a href=https:\/\/agazzicontainers.com\/fr\/autocarro-iveco-s-way-nuovo-a-telaio\/ title=\"Autocarro Iveco S-WAY nuovo a telaio\" tabindex=\"0\">Autocarro Iveco S-WAY nuovo a telaio<\/a>\t\t\t<\/h3>\n\t\t\t\t\t\t\t\t\t\t\t\t\t\t<a href=\"https:\/\/agazzicontainers.com\/fr\/container-scarrabile-usato-in-hardox-con-gru\/\" target=\"_self\" title=\"Container scarrabile usato in Hardox con gru\" rel=\"noopener\">\n\t\t\t\t<img decoding=\"async\" src=\"https:\/\/agazzicontainers.com\/wp-content\/uploads\/2023\/06\/Container-in-Hardox-Scarrabile-Gru-AA58594.jpg\" alt=\"\" \/>\n\t\t\t\t<\/a>\n\t\t\t\t\t\t<h3>\n\t\t\t\t<a href=https:\/\/agazzicontainers.com\/fr\/container-scarrabile-usato-in-hardox-con-gru\/ title=\"Container scarrabile usato in Hardox con gru\" tabindex=\"0\">Container scarrabile usato in Hardox con gru<\/a>\t\t\t<\/h3>\n\t\t\t\t\t\t\t\t\t\t\t\t\t\t<a href=\"https:\/\/agazzicontainers.com\/fr\/semirimorchio-piacenza-a-3-assi-da-195-con-attrezzatura-tam\/\" target=\"_self\" title=\"Semirimorchio Piacenza a 3 assi da 19,5 con attrezzatura tam\" rel=\"noopener\">\n\t\t\t\t<img decoding=\"async\" src=\"https:\/\/agazzicontainers.com\/wp-content\/uploads\/2023\/06\/Semirimorchio-Piacenza-AA58594.jpg\" alt=\"\" \/>\n\t\t\t\t<\/a>\n\t\t\t\t\t\t<h3>\n\t\t\t\t<a href=https:\/\/agazzicontainers.com\/fr\/semirimorchio-piacenza-a-3-assi-da-195-con-attrezzatura-tam\/ title=\"Semirimorchio Piacenza a 3 assi da 19,5 con attrezzatura tam\" tabindex=\"0\">Semirimorchio Piacenza a 3 assi da 19,5 con attrezzatura tam<\/a>\t\t\t<\/h3>\n\t\t\t\t\t\t\t\t\t\t\t\t\t\t<a href=\"https:\/\/agazzicontainers.com\/fr\/rimorchio-atlas-2-assi-da-195-con-carrello-scarrabile\/\" target=\"_self\" title=\"Rimorchio Atlas 2 assi da 19,5 con carrello scarrabile\" rel=\"noopener\">\n\t\t\t\t<img decoding=\"async\" src=\"https:\/\/agazzicontainers.com\/wp-content\/uploads\/2023\/06\/20230901_113423-1.jpg\" alt=\"\" \/>\n\t\t\t\t<\/a>\n\t\t\t\t\t\t<h3>\n\t\t\t\t<a href=https:\/\/agazzicontainers.com\/fr\/rimorchio-atlas-2-assi-da-195-con-carrello-scarrabile\/ title=\"Rimorchio Atlas 2 assi da 19,5 con carrello scarrabile\" tabindex=\"0\">Rimorchio Atlas 2 assi da 19,5 con carrello scarrabile<\/a>\t\t\t<\/h3>\n\t\t\t\t\t\t\t\t\t\t\t\t\t\t<a href=\"https:\/\/agazzicontainers.com\/fr\/rimorchio-zorzi-a-3-assi-da-195-con-carrello-scarrabile\/\" target=\"_self\" title=\"Rimorchio Zorzi a 3 assi da 19,5 con carrello scarrabile\" rel=\"noopener\">\n\t\t\t\t<img decoding=\"async\" src=\"https:\/\/agazzicontainers.com\/wp-content\/uploads\/2023\/06\/20230901_113822-1.jpg\" alt=\"\" \/>\n\t\t\t\t<\/a>\n\t\t\t\t\t\t<h3>\n\t\t\t\t<a href=https:\/\/agazzicontainers.com\/fr\/rimorchio-zorzi-a-3-assi-da-195-con-carrello-scarrabile\/ title=\"Rimorchio Zorzi a 3 assi da 19,5 con carrello scarrabile\" tabindex=\"0\">Rimorchio Zorzi a 3 assi da 19,5 con carrello scarrabile<\/a>\t\t\t<\/h3>\n\t\t\t\t\t\t\t\t\t\t\t\t\t\t<a href=\"https:\/\/agazzicontainers.com\/fr\/rimorchio-piacenza-a-2-assi-da-195-con-carrello-scarrabile\/\" target=\"_self\" title=\"Rimorchio Piacenza a 2 assi da 19,5 con carrello scarrabile\" rel=\"noopener\">\n\t\t\t\t<img decoding=\"async\" src=\"https:\/\/agazzicontainers.com\/wp-content\/uploads\/2023\/06\/Rimorchio-Piacenza-AA14862.jpg\" alt=\"\" \/>\n\t\t\t\t<\/a>\n\t\t\t\t\t\t<h3>\n\t\t\t\t<a href=https:\/\/agazzicontainers.com\/fr\/rimorchio-piacenza-a-2-assi-da-195-con-carrello-scarrabile\/ title=\"Rimorchio Piacenza a 2 assi da 19,5 con carrello scarrabile\" tabindex=\"0\">Rimorchio Piacenza a 2 assi da 19,5 con carrello scarrabile<\/a>\t\t\t<\/h3>\n\n","protected":false},"excerpt":{"rendered":"<p>Solutions avanc\u00e9es d\u00e9di\u00e9es \u00e0 l&rsquo;\u00e9cologie V\u00e9hicules, camions et \u00e9quipements sp\u00e9cialis\u00e9s d\u00e9di\u00e9s \u00e0 la protection de l&rsquo;environnement En savoir plus Camions de collecte des d\u00e9chets V\u00e9hicules \u00e9quip\u00e9s avec bras de levage et \u00e9quipement amovibles V\u00e9hicules \u00e9quip\u00e9s avec bras de l\u00e9vage et grue Conteneurs amovibles \u00e9quipes avec grues Semi-remorques amovibles et rabattables V\u00e9hicules \u00e9quip\u00e9s avec caissons rabattables&hellip;<\/p>\n","protected":false},"author":3,"featured_media":0,"parent":0,"menu_order":0,"comment_status":"closed","ping_status":"closed","template":"","meta":{"footnotes":""},"class_list":["post-6638","page","type-page","status-publish","hentry"],"_links":{"self":[{"href":"https:\/\/agazzicontainers.com\/fr\/wp-json\/wp\/v2\/pages\/6638","targetHints":{"allow":["GET"]}}],"collection":[{"href":"https:\/\/agazzicontainers.com\/fr\/wp-json\/wp\/v2\/pages"}],"about":[{"href":"https:\/\/agazzicontainers.com\/fr\/wp-json\/wp\/v2\/types\/page"}],"author":[{"embeddable":true,"href":"https:\/\/agazzicontainers.com\/fr\/wp-json\/wp\/v2\/users\/3"}],"replies":[{"embeddable":true,"href":"https:\/\/agazzicontainers.com\/fr\/wp-json\/wp\/v2\/comments?post=6638"}],"version-history":[{"count":1,"href":"https:\/\/agazzicontainers.com\/fr\/wp-json\/wp\/v2\/pages\/6638\/revisions"}],"predecessor-version":[{"id":6959,"href":"https:\/\/agazzicontainers.com\/fr\/wp-json\/wp\/v2\/pages\/6638\/revisions\/6959"}],"wp:attachment":[{"href":"https:\/\/agazzicontainers.com\/fr\/wp-json\/wp\/v2\/media?parent=6638"}],"curies":[{"name":"wp","href":"https:\/\/api.w.org\/{rel}","templated":true}]}}