{"id":6745,"date":"2017-07-21T17:04:30","date_gmt":"2017-07-21T15:04:30","guid":{"rendered":"https:\/\/agazzicontainers.com\/catalogo\/"},"modified":"2023-12-13T16:19:46","modified_gmt":"2023-12-13T15:19:46","slug":"catalogo","status":"publish","type":"page","link":"https:\/\/agazzicontainers.com\/fr\/catalogo\/","title":{"rendered":"Catalogue des v\u00e9hicules, camions et \u00e9quipements"},"content":{"rendered":"\n<h1>\n\t\t\n\t<\/h1>\n\t<nav aria-label=\"breadcrumbs\" class=\"rank-math-breadcrumb\"><p><span class=\"last\">Home<\/span><\/p><\/nav>\n\t<p>Nous sommes sp\u00e9cialis\u00e9s dans la production de v\u00e9hicules, de camions et d&rsquo;\u00e9quipements sp\u00e9cifiquement con\u00e7us pour les secteurs de l&rsquo;\u00e9cologie, du transport et de la gestion efficace des d\u00e9chets.<\/p>\n<p>Avec plus de 50 ans d&rsquo;exp\u00e9rience et 5 d\u00e9partements de production, 7 000 m\u00e8tres carr\u00e9s de surface int\u00e9rieure et 18 000 m\u00e8tres carr\u00e9s de surface ext\u00e9rieure, nous garantissons des produits de qualit\u00e9 et personnalisables pour tous les besoins.<\/p>\n<p>Notre catalogue comprend des v\u00e9hicules neufs, des v\u00e9hicules d&rsquo;occasion et des v\u00e9hicules \u00e0 livraison rapide.<\/p>\n<p>Explorez notre assortiment pour r\u00e9pondre \u00e0 vos besoins.<\/p>\n\t\t\t<a href=\"\/fr\/pret-pour-la-livraison\/\" target=\"_self\" rel=\"noopener\">\n\t\t\t\t\t\tPr\u00eat pour la livraison\n\t\t\t\t\t<\/a>\n\t\t\t<a href=\"\/fr\/nouveau\/\" target=\"_self\" rel=\"noopener\">\n\t\t\t\t\t\tNouveau\n\t\t\t\t\t<\/a>\n\t\t\t<a href=\"\/fr\/veicoli-industriali-usati\/\" target=\"_self\" rel=\"noopener\">\n\t\t\t\t\t\tUtilis\u00e9\n\t\t\t\t\t<\/a>\n\t\t<a href=\"\/fr\/allestimenti-autocarri-raccolta-rifiuti\/\" target=\"_self\" rel=\"noopener\">\n\t\t\t\t\t\t\t\t\t\t\t<img decoding=\"async\" src=\"https:\/\/agazzicontainers.com\/wp-content\/uploads\/2017\/07\/allestimenti-autocarri-costipatore-02.jpg\" alt=\"ISUZU PTT 55q Allestito  \ncon costipatore a paletta, con dispositivo voltacontenitori\"\/>\n\t\t\t\t\t\t<h2>\n\t\t\t\t\t\tCamions de collecte des d\u00e9chets\t\t<\/h2>\n\t\t<\/a>\n\t\t<a href=\"https:\/\/agazzicontainers.com\/fr\/autocarri-scarrabile-attrezzatura\/\" target=\"_self\" rel=\"noopener\">\n\t\t\t\t\t\t\t\t\t\t\t<img decoding=\"async\" src=\"https:\/\/agazzicontainers.com\/wp-content\/uploads\/2017\/09\/img-cate-agazzi-02.jpg\" alt=\"img-cate-agazzi-02\"\/>\n\t\t\t\t\t\t<h2>\n\t\t\t\t\t\tV\u00e9hicules \u00e9quip\u00e9s avec bras de levage et \u00e9quipement amovibles\t\t<\/h2>\n\t\t<\/a>\n\t\t<a href=\"https:\/\/agazzicontainers.com\/fr\/autocarri-gru-scarrabile\/\" target=\"_self\" rel=\"noopener\">\n\t\t\t\t\t\t\t\t\t\t\t<img decoding=\"async\" src=\"https:\/\/agazzicontainers.com\/wp-content\/uploads\/2017\/07\/allestimenti-veicoli-scarrabili-gru-01.jpg\" alt=\"IVECO PTT 260q\nAllestito con gru MARCHESI M10L e scarrabile ATIB 25 ton,\nbraccio telescopico con articolazione\"\/>\n\t\t\t\t\t\t<h2>\n\t\t\t\t\t\tV\u00e9hicules \u00e9quip\u00e9s avec  bras de l\u00e9vage et grue\t\t<\/h2>\n\t\t<\/a>\n\t\t<a href=\"https:\/\/agazzicontainers.com\/fr\/gru-container-scarrabili\/\" target=\"_self\" rel=\"noopener\">\n\t\t\t\t\t\t\t\t\t\t\t<img decoding=\"async\" src=\"https:\/\/agazzicontainers.com\/wp-content\/uploads\/2017\/07\/allestimenti-gru-containers-scarrabili-02.jpg\" alt=\"Container scarrabile in XAR 450\nCon gru MARCHESI M12RT, braccio ripieghevole\"\/>\n\t\t\t\t\t\t<h2>\n\t\t\t\t\t\tConteneurs amovibles  \u00e9quipes avec grues\t\t<\/h2>\n\t\t<\/a>\n\t\t<a href=\"https:\/\/agazzicontainers.com\/fr\/veicoli-ribaltabili-gru\/\" target=\"_self\" rel=\"noopener\">\n\t\t\t\t\t\t\t\t\t\t\t<img decoding=\"async\" src=\"https:\/\/agazzicontainers.com\/wp-content\/uploads\/2017\/07\/allestimenti-semirimorchi-scarrabili-ribaltabile-04.jpg\" alt=\"Trattore SCANIA - BARTOLETTI PTT 440q\nAllestito con cassone ribaltabile XAR 450 e\ngru EPSILON mod Q150Z95TR\"\/>\n\t\t\t\t\t\t<h2>\n\t\t\t\t\t\tSemi-remorques amovibles  et rabattables\t\t<\/h2>\n\t\t<\/a>\n\t\t<a href=\"https:\/\/agazzicontainers.com\/fr\/veicoli-cassoni-ribaltabili-gru\/\" target=\"_self\" rel=\"noopener\">\n\t\t\t\t\t\t\t\t\t\t\t<img decoding=\"async\" src=\"https:\/\/agazzicontainers.com\/wp-content\/uploads\/2017\/07\/allestimenti-veicoli-cassoni-gru-06.jpg\" alt=\"IVECO PTT 320q\nAllestito con cassone ribaltabile in XAR 450,copertura in rete e\ngru MARCHESI M12F, braccio ripieghevole\"\/>\n\t\t\t\t\t\t<h2>\n\t\t\t\t\t\tV\u00e9hicules \u00e9quip\u00e9s avec  caissons rabattables et grue\t\t<\/h2>\n\t\t<\/a>\n\t\t<a href=\"https:\/\/agazzicontainers.com\/fr\/compattatori-scarrabili\/\" target=\"_self\" rel=\"noopener\">\n\t\t\t\t\t\t\t\t\t\t\t<img decoding=\"async\" src=\"https:\/\/agazzicontainers.com\/wp-content\/uploads\/2017\/09\/img-cate-agazzi-09.jpg\" alt=\"img-cate-agazzi-09\"\/>\n\t\t\t\t\t\t<h2>\n\t\t\t\t\t\tCompacteurs  amovible\t\t<\/h2>\n\t\t<\/a>\n\t\t<a href=\"\/fr\/containers-e-contenitori-pianali-scarrabili\/\" target=\"_self\" rel=\"noopener\">\n\t\t\t\t\t\t\t\t\t\t\t<img decoding=\"async\" src=\"https:\/\/agazzicontainers.com\/wp-content\/uploads\/2017\/09\/img-cate-agazzi-10.jpg\" alt=\"img-cate-agazzi-10\"\/>\n\t\t\t\t\t\t<h2>\n\t\t\t\t\t\tConteneurs et conteneurs  palettes d\u00e9montables\t\t<\/h2>\n\t\t<\/a>\n\t\t<a href=\"\/fr\/cisterna-scarrabile\/\" target=\"_self\" rel=\"noopener\">\n\t\t\t\t\t\t\t\t\t\t\t<img decoding=\"async\" src=\"https:\/\/agazzicontainers.com\/wp-content\/uploads\/2017\/07\/cisterne-scarrabili-01.jpg\" alt=\"Cisterna scarrabile in S275JR\nCapacit\u00e0 lt. 15.000 con portellone ad apertura idraulica\"\/>\n\t\t\t\t\t\t<h2>\n\t\t\t\t\t\tRemorques  amovibles\t\t<\/h2>\n\t\t<\/a>\n\t\t<a href=\"\/fr\/rimorchi-carrello-scarramento\/\" target=\"_self\" rel=\"noopener\">\n\t\t\t\t\t\t\t\t\t\t\t<img decoding=\"async\" src=\"https:\/\/agazzicontainers.com\/wp-content\/uploads\/2017\/07\/rimorchi-scarrabili-02.jpg\" alt=\"Rimorchio PTT 200q\nPneumatico allestito con carrello incarramento e\nscarramento container, collaudo ADR\"\/>\n\t\t\t\t\t\t<h2>\n\t\t\t\t\t\tCiternes  roulantes\t\t<\/h2>\n\t\t<\/a>\n\t\t\t\t<img loading=\"lazy\" decoding=\"async\" src=\"https:\/\/agazzicontainers.com\/wp-content\/uploads\/2023\/12\/50-anni-esperienza-fr.png\" alt=\"50-anni-esperienza\" itemprop=\"image\" height=\"626\" width=\"601\" title=\"50-anni-esperienza\" onerror=\"this.style.display='none'\"  \/>\n\t<p>\/\/ <\/p>\n\t<h1>V\u00e9hicules, camions et \u00e9quipements sp\u00e9cialis\u00e9s pour le secteur de l&rsquo;\u00e9cologie<\/h1>\n\t\t\t<a href=\"\/fr\/nouveau\/\" target=\"_self\" rel=\"noopener\">\n\t\t\t\t\t\tNouveau\n\t\t\t\t\t<\/a>\n\t\t\t<a href=\"\/fr\/veicoli-industriali-usati\/\" target=\"_self\" rel=\"noopener\">\n\t\t\t\t\t\tUtilis\u00e9\n\t\t\t\t\t<\/a>\n\t\t\t<a href=\"\/fr\/pret-pour-la-livraison\/\" target=\"_self\" rel=\"noopener\">\n\t\t\t\t\t\tPr\u00eat pour la livraison\n\t\t\t\t\t<\/a>\n\t\t\t<a href=\"https:\/\/agazzicontainers.com\/en\/servizi\/\" target=\"_self\" rel=\"noopener\">\n\t\t\t\t\t\tServices\n\t\t\t\t\t<\/a>\n\t<p>Notre longue exp\u00e9rience, associ\u00e9e \u00e0 un investissement continu dans l&rsquo;innovation et la technologie, a jou\u00e9 un r\u00f4le crucial. Au fil des ans, nous avons d\u00e9velopp\u00e9 des produits de plus en plus fiables et comp\u00e9titifs. Nous proposons une large gamme de v\u00e9hicules, de camions, d&rsquo;\u00e9quipements industriels et d&rsquo;\u00e9quipements technologiquement avanc\u00e9s, qui peuvent \u00eatre personnalis\u00e9s pour r\u00e9pondre aux besoins sp\u00e9cifiques de chaque client.<\/p>\n\t\t\t\t<img loading=\"lazy\" decoding=\"async\" src=\"https:\/\/agazzicontainers.com\/wp-content\/uploads\/2021\/09\/logo-rina-certificazione-01.jpg\" alt=\"logo-rina-certificazione-01\" itemprop=\"image\" height=\"103\" width=\"158\" title=\"logo-rina-certificazione-01\" onerror=\"this.style.display='none'\"  \/>\n\t<ul>\n<li>5 d\u00e9partements de production<\/li>\n<li>7 000 m\u00e8tres carr\u00e9s de surface couverte<\/li>\n<li>18 000 m\u00e8tres carr\u00e9s de surface ext\u00e9rieure<\/li>\n<\/ul>\n\t<p>Nous sommes sp\u00e9cialis\u00e9s dans la production de v\u00e9hicules, de camions et d&rsquo;\u00e9quipements sp\u00e9cialement con\u00e7us pour les secteurs de l&rsquo;\u00e9cologie, du transport et de la gestion efficace des d\u00e9chets.<\/p>\n<p>Notre entreprise est sp\u00e9cialis\u00e9e dans la production de v\u00e9hicules, de camions et d&rsquo;\u00e9quipements sp\u00e9cialement con\u00e7us pour les secteurs de l&rsquo;\u00e9cologie, du transport et de la gestion efficace des d\u00e9chets.<\/p>\n<p>Avec plus de 50 ans d&rsquo;exp\u00e9rience, nous nous sommes distingu\u00e9s sur le march\u00e9 par notre capacit\u00e9 \u00e0 innover et \u00e0 r\u00e9pondre aux exigences les plus diverses.<\/p>\n<p>Nous disposons de 5 d\u00e9partements de production sp\u00e9cialis\u00e9s, couvrant une superficie de 7 000 m\u00e8tres carr\u00e9s d&rsquo;espace int\u00e9rieur et 18 000 m\u00e8tres carr\u00e9s d&rsquo;espace ext\u00e9rieur. Cette vaste extension nous permet d&rsquo;offrir une vari\u00e9t\u00e9 de produits de haute qualit\u00e9, chacun d&rsquo;entre eux pouvant \u00eatre personnalis\u00e9 en fonction des exigences sp\u00e9cifiques du client.<\/p>\n<p>Notre engagement est de fournir des solutions fiables, durables et \u00e0 la pointe de la technologie.<\/p>\n<p>Dans notre vaste catalogue, vous trouverez une large gamme de v\u00e9hicules : des nouveaux mod\u00e8les, \u00e0 la pointe de la technologie et du design, aux v\u00e9hicules d&rsquo;occasion, soigneusement s\u00e9lectionn\u00e9s et entretenus pour garantir d&rsquo;excellentes performances.<\/p>\n<p>Nous proposons des options de livraison rapide pour ceux qui ont besoin de solutions imm\u00e9diates.<\/p>\n<p>Nous vous invitons \u00e0 parcourir notre catalogue pour trouver le v\u00e9hicule ou l&rsquo;\u00e9quipement qui r\u00e9pond le mieux \u00e0 vos besoins. Que vous recherchiez l&rsquo;efficacit\u00e9, la fiabilit\u00e9 ou l&rsquo;innovation, nous sommes l\u00e0 pour vous aider \u00e0 trouver la solution parfaite pour votre entreprise verte.<\/p>\n\n","protected":false},"excerpt":{"rendered":"<p>Nous sommes sp\u00e9cialis\u00e9s dans la production de v\u00e9hicules, de camions et d&rsquo;\u00e9quipements sp\u00e9cifiquement con\u00e7us pour les secteurs de l&rsquo;\u00e9cologie, du transport et de la gestion efficace des d\u00e9chets. Avec plus de 50 ans d&rsquo;exp\u00e9rience et 5 d\u00e9partements de production, 7 000 m\u00e8tres carr\u00e9s de surface int\u00e9rieure et 18 000 m\u00e8tres carr\u00e9s de surface ext\u00e9rieure, nous&hellip;<\/p>\n","protected":false},"author":3,"featured_media":0,"parent":0,"menu_order":0,"comment_status":"closed","ping_status":"closed","template":"","meta":{"footnotes":""},"class_list":["post-6745","page","type-page","status-publish","hentry"],"_links":{"self":[{"href":"https:\/\/agazzicontainers.com\/fr\/wp-json\/wp\/v2\/pages\/6745","targetHints":{"allow":["GET"]}}],"collection":[{"href":"https:\/\/agazzicontainers.com\/fr\/wp-json\/wp\/v2\/pages"}],"about":[{"href":"https:\/\/agazzicontainers.com\/fr\/wp-json\/wp\/v2\/types\/page"}],"author":[{"embeddable":true,"href":"https:\/\/agazzicontainers.com\/fr\/wp-json\/wp\/v2\/users\/3"}],"replies":[{"embeddable":true,"href":"https:\/\/agazzicontainers.com\/fr\/wp-json\/wp\/v2\/comments?post=6745"}],"version-history":[{"count":1,"href":"https:\/\/agazzicontainers.com\/fr\/wp-json\/wp\/v2\/pages\/6745\/revisions"}],"predecessor-version":[{"id":6877,"href":"https:\/\/agazzicontainers.com\/fr\/wp-json\/wp\/v2\/pages\/6745\/revisions\/6877"}],"wp:attachment":[{"href":"https:\/\/agazzicontainers.com\/fr\/wp-json\/wp\/v2\/media?parent=6745"}],"curies":[{"name":"wp","href":"https:\/\/api.w.org\/{rel}","templated":true}]}}