{"id":6749,"date":"2017-07-21T17:26:14","date_gmt":"2017-07-21T15:26:14","guid":{"rendered":"https:\/\/agazzicontainers.com\/allestimenti-autocarri-raccolta-rifiuti\/"},"modified":"2023-12-13T15:46:16","modified_gmt":"2023-12-13T14:46:16","slug":"allestimenti-autocarri-raccolta-rifiuti","status":"publish","type":"page","link":"https:\/\/agazzicontainers.com\/fr\/allestimenti-autocarri-raccolta-rifiuti\/","title":{"rendered":"Camions de collecte des d\u00e9chets"},"content":{"rendered":"\n<h1>\n\t\t\n\t<\/h1>\n\t<nav aria-label=\"breadcrumbs\" class=\"rank-math-breadcrumb\"><p><span class=\"last\">Home<\/span><\/p><\/nav>\n\t\t<a href=\"\/fr\/autocarri-gru-autocompattatore\/\" target=\"_self\" rel=\"noopener\">\n\t\t\t\t\t\t\t\t\t\t\t<img decoding=\"async\" src=\"https:\/\/agazzicontainers.com\/wp-content\/uploads\/2017\/07\/allestimenti-veicoli-autocompattanti-gru-01.jpg\" alt=\"IVECO PTT 320q\nAllestito con cassa autocompattante in XAR 450\ne gru MARCHESI M12RT, braccio ripieghevole\"\/>\n\t\t\t\t\t\t<h2>\n\t\t\t\t\t\tV\u00e9hicules \u00e9quip\u00e9s avec  \u00e9quipements amovibles\t\t<\/h2>\n\t\t<\/a>\n\t\t<a href=\"\/fr\/autocarri-costipatore-allestiti\/\" target=\"_self\" rel=\"noopener\">\n\t\t\t\t\t\t\t\t\t\t\t<img decoding=\"async\" src=\"https:\/\/agazzicontainers.com\/wp-content\/uploads\/2017\/07\/allestimenti-autocarri-costipatore-02.jpg\" alt=\"ISUZU PTT 55q Allestito  \ncon costipatore a paletta, con dispositivo voltacontenitori\"\/>\n\t\t\t\t\t\t<h2>\n\t\t\t\t\t\tBenne \u00e0 ordures m\u00e9nag\u00e8res avec  compacteurs de d\u00e9chets\t\t<\/h2>\n\t\t<\/a>\n\t\t<a href=\"\/fr\/autocarri-vasca-allestiti-ribaltabile\/\" target=\"_self\" rel=\"noopener\">\n\t\t\t\t\t\t\t\t\t\t\t<img decoding=\"async\" src=\"https:\/\/agazzicontainers.com\/wp-content\/uploads\/2017\/09\/img-cate-agazzi-14.jpg\" alt=\"img-cate-agazzi-14\"\/>\n\t\t\t\t\t\t<h2>\n\t\t\t\t\t\tBennes \u00e0 ordures m\u00e9nag\u00e8res  avec caisson rabattable\t\t<\/h2>\n\t\t<\/a>\n\t\t<a href=\"\/fr\/veicoli-allestiti-per-raccolta-differenziata\/\" target=\"_self\" rel=\"noopener\">\n\t\t\t\t\t\t\t\t\t\t\t<img decoding=\"async\" src=\"https:\/\/agazzicontainers.com\/wp-content\/uploads\/2017\/09\/allestimenti-veicoli-raccolta-differenziata-02.jpg\" alt=\"ISUZU PTT 55q\nAllestito con vasca ribaltabile in acciaio inox, capacit\u00e0 mc.7,\ndispositivo voltabidoni e sacca portarifiuti\"\/>\n\t\t\t\t\t\t<h2>\n\t\t\t\t\t\tBenne \u00e0 ordures m\u00e9nag\u00e8res\t\t<\/h2>\n\t\t<\/a>\n\n","protected":false},"excerpt":{"rendered":"<p>V\u00e9hicules \u00e9quip\u00e9s avec \u00e9quipements amovibles Benne \u00e0 ordures m\u00e9nag\u00e8res avec compacteurs de d\u00e9chets Bennes \u00e0 ordures m\u00e9nag\u00e8res avec caisson rabattable Benne \u00e0 ordures m\u00e9nag\u00e8res<\/p>\n","protected":false},"author":3,"featured_media":0,"parent":0,"menu_order":0,"comment_status":"closed","ping_status":"closed","template":"","meta":{"footnotes":""},"class_list":["post-6749","page","type-page","status-publish","hentry"],"_links":{"self":[{"href":"https:\/\/agazzicontainers.com\/fr\/wp-json\/wp\/v2\/pages\/6749","targetHints":{"allow":["GET"]}}],"collection":[{"href":"https:\/\/agazzicontainers.com\/fr\/wp-json\/wp\/v2\/pages"}],"about":[{"href":"https:\/\/agazzicontainers.com\/fr\/wp-json\/wp\/v2\/types\/page"}],"author":[{"embeddable":true,"href":"https:\/\/agazzicontainers.com\/fr\/wp-json\/wp\/v2\/users\/3"}],"replies":[{"embeddable":true,"href":"https:\/\/agazzicontainers.com\/fr\/wp-json\/wp\/v2\/comments?post=6749"}],"version-history":[{"count":1,"href":"https:\/\/agazzicontainers.com\/fr\/wp-json\/wp\/v2\/pages\/6749\/revisions"}],"predecessor-version":[{"id":6854,"href":"https:\/\/agazzicontainers.com\/fr\/wp-json\/wp\/v2\/pages\/6749\/revisions\/6854"}],"wp:attachment":[{"href":"https:\/\/agazzicontainers.com\/fr\/wp-json\/wp\/v2\/media?parent=6749"}],"curies":[{"name":"wp","href":"https:\/\/api.w.org\/{rel}","templated":true}]}}