{"id":6765,"date":"2017-07-27T14:09:41","date_gmt":"2017-07-27T12:09:41","guid":{"rendered":"https:\/\/agazzicontainers.com\/gru-container-scarrabili\/"},"modified":"2023-12-13T15:52:52","modified_gmt":"2023-12-13T14:52:52","slug":"gru-container-scarrabili","status":"publish","type":"page","link":"https:\/\/agazzicontainers.com\/fr\/gru-container-scarrabili\/","title":{"rendered":"Conteneurs amovibles \u00e9quipes avec grues"},"content":{"rendered":"\n<h1>\n\t\t\n\t<\/h1>\n\t<nav aria-label=\"breadcrumbs\" class=\"rank-math-breadcrumb\"><p><span class=\"last\">Home<\/span><\/p><\/nav>\n\tAgazzi Containers Srl produit conteneurs amovibles avec grue.<br \/>\nCes \u00e9quipements sont parfaits pour \u00eatre \u00e9chang\u00e9s sur n&rsquo;importe quel camion de la m\u00eame taille et de la m\u00eame capacit\u00e9.\n\t\t\t<a href=\"#form-2023\" target=\"_self\" rel=\"noopener\">\n\t\t\t\t\t\tDemander plus d&rsquo;informations\n\t\t\t\t\t<\/a>\n\t\t\t<h3>Caract\u00e9ristiques g\u00e9n\u00e9rales:<\/h3>\t\t\t\n\t\t\t\t<img decoding=\"async\" src=\"https:\/\/agazzicontainers.com\/wp-content\/uploads\/2023\/11\/agazzi-containers-icona-rossa.png\" alt=\"agazzi-containers-icona-rossa\" title=\"agazzi-containers-icona-rossa\" itemprop=\"image\"\/>\n\t\t\t\t<p>Grue avec bras articul\u00e9 ou bras rigide<\/p>\n\t\t\t\t<img decoding=\"async\" src=\"https:\/\/agazzicontainers.com\/wp-content\/uploads\/2023\/11\/agazzi-containers-icona-rossa.png\" alt=\"agazzi-containers-icona-rossa\" title=\"agazzi-containers-icona-rossa\" itemprop=\"image\"\/>\n\t\t\t\t<p>Pistons pour bloquer le conteneur<\/p>\n\t\t\t\t<img decoding=\"async\" src=\"https:\/\/agazzicontainers.com\/wp-content\/uploads\/2023\/11\/agazzi-containers-icona-rossa.png\" alt=\"agazzi-containers-icona-rossa\" title=\"agazzi-containers-icona-rossa\" itemprop=\"image\"\/>\n\t\t\t\t<p>Cycle de sablage et peinture<\/p>\n\t\t\t\t<img decoding=\"async\" src=\"https:\/\/agazzicontainers.com\/wp-content\/uploads\/2023\/11\/agazzi-containers-icona-rossa.png\" alt=\"agazzi-containers-icona-rossa\" title=\"agazzi-containers-icona-rossa\" itemprop=\"image\"\/>\n\t\t\t\t<p>Conteneurs fabriqu\u00e9s en acier FE360B, FE510, XAR450, AISI304-316 avec une \u00e9paisseur comprise entre 3 et 5 mm<\/p>\n\t\t\t\t<img decoding=\"async\" src=\"https:\/\/agazzicontainers.com\/wp-content\/uploads\/2023\/11\/agazzi-containers-icona-rossa.png\" alt=\"agazzi-containers-icona-rossa\" title=\"agazzi-containers-icona-rossa\" itemprop=\"image\"\/>\n\t\t\t\t<p>Profils renforc\u00e9s<\/p>\n<h2>\n\t\tExemples concrets\n\t<\/h2>\n\t\t\t\t<img loading=\"lazy\" decoding=\"async\" src=\"https:\/\/agazzicontainers.com\/wp-content\/uploads\/2023\/12\/50-anni-esperienza-fr.png\" alt=\"50-anni-esperienza\" itemprop=\"image\" height=\"626\" width=\"601\" title=\"50-anni-esperienza\" onerror=\"this.style.display='none'\"  \/>\n\t<p>\/\/ <\/p>\n\t<h1>V\u00e9hicules, camions et \u00e9quipements sp\u00e9cialis\u00e9s pour le secteur de l&rsquo;\u00e9cologie<\/h1>\n\t\t\t<a href=\"https:\/\/agazzicontainers.com\/nuovo\/\" target=\"_self\" rel=\"noopener\">\n\t\t\t\t\t\tNouveau\n\t\t\t\t\t<\/a>\n\t\t\t<a href=\"https:\/\/agazzicontainers.com\/en\/veicoli-industriali-usati\/\" target=\"_self\" rel=\"noopener\">\n\t\t\t\t\t\tUtilis\u00e9\n\t\t\t\t\t<\/a>\n\t\t\t<a href=\"https:\/\/agazzicontainers.com\/pronta-consegna\/\" target=\"_self\" rel=\"noopener\">\n\t\t\t\t\t\tPr\u00eat pour la livraison\n\t\t\t\t\t<\/a>\n\t\t\t<a href=\"https:\/\/agazzicontainers.com\/en\/servizi\/\" target=\"_self\" rel=\"noopener\">\n\t\t\t\t\t\tServices\n\t\t\t\t\t<\/a>\n\t<p>Notre longue exp\u00e9rience, associ\u00e9e \u00e0 un investissement continu dans l&rsquo;innovation et la technologie, a jou\u00e9 un r\u00f4le crucial. Au fil des ans, nous avons d\u00e9velopp\u00e9 des produits de plus en plus fiables et comp\u00e9titifs. Nous proposons une large gamme de v\u00e9hicules, de camions, d&rsquo;\u00e9quipements industriels et d&rsquo;\u00e9quipements technologiquement avanc\u00e9s, qui peuvent \u00eatre personnalis\u00e9s pour r\u00e9pondre aux besoins sp\u00e9cifiques de chaque client.<\/p>\n\t\t\t\t<img loading=\"lazy\" decoding=\"async\" src=\"https:\/\/agazzicontainers.com\/wp-content\/uploads\/2021\/09\/logo-rina-certificazione-01.jpg\" alt=\"logo-rina-certificazione-01\" itemprop=\"image\" height=\"103\" width=\"158\" title=\"logo-rina-certificazione-01\" onerror=\"this.style.display='none'\"  \/>\n\t<ul>\n<li>5 d\u00e9partements de production<\/li>\n<li>7 000 m\u00e8tres carr\u00e9s de surface couverte<\/li>\n<li>18 000 m\u00e8tres carr\u00e9s de surface ext\u00e9rieure<\/li>\n<\/ul>\n\t<p class=\"wpcf7-contact-form-not-found\"><strong>Erreur\u00a0:<\/strong> Formulaire de contact non trouv\u00e9\u00a0!<\/p>\n\n","protected":false},"excerpt":{"rendered":"<p>Agazzi Containers Srl produit conteneurs amovibles avec grue. Ces \u00e9quipements sont parfaits pour \u00eatre \u00e9chang\u00e9s sur n&rsquo;importe quel camion de la m\u00eame taille et de la m\u00eame capacit\u00e9. Demander plus d&rsquo;informations Caract\u00e9ristiques g\u00e9n\u00e9rales: Grue avec bras articul\u00e9 ou bras rigide Pistons pour bloquer le conteneur Cycle de sablage et peinture Conteneurs fabriqu\u00e9s en acier FE360B,&hellip;<\/p>\n","protected":false},"author":3,"featured_media":0,"parent":0,"menu_order":0,"comment_status":"closed","ping_status":"closed","template":"","meta":{"footnotes":""},"class_list":["post-6765","page","type-page","status-publish","hentry"],"_links":{"self":[{"href":"https:\/\/agazzicontainers.com\/fr\/wp-json\/wp\/v2\/pages\/6765","targetHints":{"allow":["GET"]}}],"collection":[{"href":"https:\/\/agazzicontainers.com\/fr\/wp-json\/wp\/v2\/pages"}],"about":[{"href":"https:\/\/agazzicontainers.com\/fr\/wp-json\/wp\/v2\/types\/page"}],"author":[{"embeddable":true,"href":"https:\/\/agazzicontainers.com\/fr\/wp-json\/wp\/v2\/users\/3"}],"replies":[{"embeddable":true,"href":"https:\/\/agazzicontainers.com\/fr\/wp-json\/wp\/v2\/comments?post=6765"}],"version-history":[{"count":1,"href":"https:\/\/agazzicontainers.com\/fr\/wp-json\/wp\/v2\/pages\/6765\/revisions"}],"predecessor-version":[{"id":6861,"href":"https:\/\/agazzicontainers.com\/fr\/wp-json\/wp\/v2\/pages\/6765\/revisions\/6861"}],"wp:attachment":[{"href":"https:\/\/agazzicontainers.com\/fr\/wp-json\/wp\/v2\/media?parent=6765"}],"curies":[{"name":"wp","href":"https:\/\/api.w.org\/{rel}","templated":true}]}}