{"id":6769,"date":"2017-07-27T14:14:13","date_gmt":"2017-07-27T12:14:13","guid":{"rendered":"https:\/\/agazzicontainers.com\/veicoli-cassoni-ribaltabili-gru\/"},"modified":"2023-12-13T15:54:40","modified_gmt":"2023-12-13T14:54:40","slug":"veicoli-cassoni-ribaltabili-gru","status":"publish","type":"page","link":"https:\/\/agazzicontainers.com\/fr\/veicoli-cassoni-ribaltabili-gru\/","title":{"rendered":"V\u00e9hicules \u00e9quip\u00e9s avec caissons rabattables et grue"},"content":{"rendered":"\n<h1>\n\t\t\n\t<\/h1>\n\t<nav aria-label=\"breadcrumbs\" class=\"rank-math-breadcrumb\"><p><span class=\"last\">Home<\/span><\/p><\/nav>\n\tAgazzi Containers srl con\u00e7oit et fabrique des bennes basculantes avec des grues pour le transport de d\u00e9chets et de mat\u00e9riaux ferreux.<br \/>\nCes types d&rsquo;am\u00e9nagements sont effectu\u00e9es sur les camions 2 &#8211; 3 &#8211; 4 essieux avec aciers sp\u00e9ciaux et de haute qualit\u00e9.\n\t\t\t<a href=\"#form-2023\" target=\"_self\" rel=\"noopener\">\n\t\t\t\t\t\tDemander plus d&rsquo;informations\n\t\t\t\t\t<\/a>\n\t\t\t<h3>Caract\u00e9ristiques g\u00e9n\u00e9rales:<\/h3>\t\t\t\n\t\t\t\t<img decoding=\"async\" src=\"https:\/\/agazzicontainers.com\/wp-content\/uploads\/2023\/11\/agazzi-containers-icona-rossa.png\" alt=\"agazzi-containers-icona-rossa\" title=\"agazzi-containers-icona-rossa\" itemprop=\"image\"\/>\n\t\t\t\t<p>Grue avec bras articul\u00e9 ou bras rigide<\/p>\n\t\t\t\t<img decoding=\"async\" src=\"https:\/\/agazzicontainers.com\/wp-content\/uploads\/2023\/11\/agazzi-containers-icona-rossa.png\" alt=\"agazzi-containers-icona-rossa\" title=\"agazzi-containers-icona-rossa\" itemprop=\"image\"\/>\n\t\t\t\t<p>Grue derri\u00e8re la cabine<\/p>\n\t\t\t\t<img decoding=\"async\" src=\"https:\/\/agazzicontainers.com\/wp-content\/uploads\/2023\/11\/agazzi-containers-icona-rossa.png\" alt=\"agazzi-containers-icona-rossa\" title=\"agazzi-containers-icona-rossa\" itemprop=\"image\"\/>\n\t\t\t\t<p>Corps de d\u00e9charge disponibles en diff\u00e9rentes tailles<\/p>\n\t\t\t\t<img decoding=\"async\" src=\"https:\/\/agazzicontainers.com\/wp-content\/uploads\/2023\/11\/agazzi-containers-icona-rossa.png\" alt=\"agazzi-containers-icona-rossa\" title=\"agazzi-containers-icona-rossa\" itemprop=\"image\"\/>\n\t\t\t\t<p>Cycle de sablage et peinture<\/p>\n\t\t\t\t<img decoding=\"async\" src=\"https:\/\/agazzicontainers.com\/wp-content\/uploads\/2023\/11\/agazzi-containers-icona-rossa.png\" alt=\"agazzi-containers-icona-rossa\" title=\"agazzi-containers-icona-rossa\" itemprop=\"image\"\/>\n\t\t\t\t<p>Corps de d\u00e9charge en t\u00f4le FE360B ou XAR450<\/p>\n\t\t\t\t<img decoding=\"async\" src=\"https:\/\/agazzicontainers.com\/wp-content\/uploads\/2023\/11\/agazzi-containers-icona-rossa.png\" alt=\"agazzi-containers-icona-rossa\" title=\"agazzi-containers-icona-rossa\" itemprop=\"image\"\/>\n\t\t\t\t<p>\u00c9changeur de chaleur<\/p>\n<h4>\n\t\tExemples concrets\n\t<\/h4>\n\t\t\t\t<img loading=\"lazy\" decoding=\"async\" src=\"https:\/\/agazzicontainers.com\/wp-content\/uploads\/2023\/12\/50-anni-esperienza-fr.png\" alt=\"50-anni-esperienza\" itemprop=\"image\" height=\"626\" width=\"601\" title=\"50-anni-esperienza\" onerror=\"this.style.display='none'\"  \/>\n\t<p>\/\/ <\/p>\n\t<h1>V\u00e9hicules, camions et \u00e9quipements sp\u00e9cialis\u00e9s pour le secteur de l&rsquo;\u00e9cologie<\/h1>\n\t\t\t<a href=\"https:\/\/agazzicontainers.com\/nuovo\/\" target=\"_self\" rel=\"noopener\">\n\t\t\t\t\t\tNouveau\n\t\t\t\t\t<\/a>\n\t\t\t<a href=\"https:\/\/agazzicontainers.com\/en\/veicoli-industriali-usati\/\" target=\"_self\" rel=\"noopener\">\n\t\t\t\t\t\tUtilis\u00e9\n\t\t\t\t\t<\/a>\n\t\t\t<a href=\"https:\/\/agazzicontainers.com\/pronta-consegna\/\" target=\"_self\" rel=\"noopener\">\n\t\t\t\t\t\tPr\u00eat pour la livraison\n\t\t\t\t\t<\/a>\n\t\t\t<a href=\"https:\/\/agazzicontainers.com\/en\/servizi\/\" target=\"_self\" rel=\"noopener\">\n\t\t\t\t\t\tServices\n\t\t\t\t\t<\/a>\n\t<p>Notre longue exp\u00e9rience, associ\u00e9e \u00e0 un investissement continu dans l&rsquo;innovation et la technologie, a jou\u00e9 un r\u00f4le crucial. Au fil des ans, nous avons d\u00e9velopp\u00e9 des produits de plus en plus fiables et comp\u00e9titifs. Nous proposons une large gamme de v\u00e9hicules, de camions, d&rsquo;\u00e9quipements industriels et d&rsquo;\u00e9quipements technologiquement avanc\u00e9s, qui peuvent \u00eatre personnalis\u00e9s pour r\u00e9pondre aux besoins sp\u00e9cifiques de chaque client.<\/p>\n\t\t\t\t<img loading=\"lazy\" decoding=\"async\" src=\"https:\/\/agazzicontainers.com\/wp-content\/uploads\/2021\/09\/logo-rina-certificazione-01.jpg\" alt=\"logo-rina-certificazione-01\" itemprop=\"image\" height=\"103\" width=\"158\" title=\"logo-rina-certificazione-01\" onerror=\"this.style.display='none'\"  \/>\n\t<ul>\n<li>5 d\u00e9partements de production<\/li>\n<li>7 000 m\u00e8tres carr\u00e9s de surface couverte<\/li>\n<li>18 000 m\u00e8tres carr\u00e9s de surface ext\u00e9rieure<\/li>\n<\/ul>\n\t<p class=\"wpcf7-contact-form-not-found\"><strong>Erreur\u00a0:<\/strong> Formulaire de contact non trouv\u00e9\u00a0!<\/p>\n\n","protected":false},"excerpt":{"rendered":"<p>Agazzi Containers srl con\u00e7oit et fabrique des bennes basculantes avec des grues pour le transport de d\u00e9chets et de mat\u00e9riaux ferreux. Ces types d&rsquo;am\u00e9nagements sont effectu\u00e9es sur les camions 2 &#8211; 3 &#8211; 4 essieux avec aciers sp\u00e9ciaux et de haute qualit\u00e9. Demander plus d&rsquo;informations Caract\u00e9ristiques g\u00e9n\u00e9rales: Grue avec bras articul\u00e9 ou bras rigide Grue&hellip;<\/p>\n","protected":false},"author":3,"featured_media":0,"parent":0,"menu_order":0,"comment_status":"closed","ping_status":"closed","template":"","meta":{"footnotes":""},"class_list":["post-6769","page","type-page","status-publish","hentry"],"_links":{"self":[{"href":"https:\/\/agazzicontainers.com\/fr\/wp-json\/wp\/v2\/pages\/6769","targetHints":{"allow":["GET"]}}],"collection":[{"href":"https:\/\/agazzicontainers.com\/fr\/wp-json\/wp\/v2\/pages"}],"about":[{"href":"https:\/\/agazzicontainers.com\/fr\/wp-json\/wp\/v2\/types\/page"}],"author":[{"embeddable":true,"href":"https:\/\/agazzicontainers.com\/fr\/wp-json\/wp\/v2\/users\/3"}],"replies":[{"embeddable":true,"href":"https:\/\/agazzicontainers.com\/fr\/wp-json\/wp\/v2\/comments?post=6769"}],"version-history":[{"count":1,"href":"https:\/\/agazzicontainers.com\/fr\/wp-json\/wp\/v2\/pages\/6769\/revisions"}],"predecessor-version":[{"id":6865,"href":"https:\/\/agazzicontainers.com\/fr\/wp-json\/wp\/v2\/pages\/6769\/revisions\/6865"}],"wp:attachment":[{"href":"https:\/\/agazzicontainers.com\/fr\/wp-json\/wp\/v2\/media?parent=6769"}],"curies":[{"name":"wp","href":"https:\/\/api.w.org\/{rel}","templated":true}]}}