{"id":6775,"date":"2017-07-27T16:24:07","date_gmt":"2017-07-27T14:24:07","guid":{"rendered":"https:\/\/agazzicontainers.com\/compattatori-scarrabili-monopala\/"},"modified":"2023-12-13T15:57:22","modified_gmt":"2023-12-13T14:57:22","slug":"compattatori-scarrabili-monopala","status":"publish","type":"page","link":"https:\/\/agazzicontainers.com\/fr\/compattatori-scarrabili-monopala\/","title":{"rendered":"Compacteurs amovible \u00e0 pelle"},"content":{"rendered":"\n<h1>\n\t\t\n\t<\/h1>\n\t<nav aria-label=\"breadcrumbs\" class=\"rank-math-breadcrumb\"><p><span class=\"last\">Home<\/span><\/p><\/nav>\n\tLe compacteur \u00e0 pelle est parfait pour r\u00e9duire le volume de mat\u00e9riaux volumineux et de d\u00e9chets organiques.<br \/>\nCe produit est caract\u00e9ris\u00e9 par robustesse et fiabilit\u00e9.<br \/>\nCe compacteur a une porte arri\u00e8re \u00e9tanche et des cylindres de pouss\u00e9e externes qui ne sont pas en contact avec les d\u00e9chets.<br \/>\nLe alimentation peut \u00eatre manuelle ou par v\u00e9hicules satellites.\n\t\t\t<a href=\"#form-2023\" target=\"_self\" rel=\"noopener\">\n\t\t\t\t\t\tDemander plus d&rsquo;informations\n\t\t\t\t\t<\/a>\n\t<p>De mani\u00e8re innovante, le compacteur est \u00e9quip\u00e9 d&rsquo;une cellule photo\u00e9lectrique de chargement qui d\u00e9marre automatiquement le cycle de compactage. La bo\u00eete tronconique est con\u00e7ue pour faciliter le vidage des d\u00e9chets compact\u00e9s, rendant ainsi le processus de gestion des d\u00e9chets plus efficace et moins chronophage. Le cycle de compactage peut \u00eatre r\u00e9gl\u00e9 automatiquement ou manuellement, selon les besoins, avec l&rsquo;option d&rsquo;arr\u00eat automatique \u00e0 la fin du cycle.<\/p>\n<p>Les cylindres de pouss\u00e9e, qui sont externes et ne sont pas en contact direct avec les d\u00e9chets, augmentent la dur\u00e9e de vie du compacteur et r\u00e9duisent les besoins de maintenance. La machine peut \u00eatre aliment\u00e9e manuellement, en continu ou par des v\u00e9hicules satellites, ce qui offre une grande flexibilit\u00e9 dans l&rsquo;utilisation quotidienne. Le crochet de pr\u00e9hension avant rabattable ajoute un niveau de commodit\u00e9 suppl\u00e9mentaire \u00e0 l&rsquo;utilisation du compacteur.<\/p>\n<p>Pour garantir une s\u00e9curit\u00e9 et une conformit\u00e9 maximales, le compacteur porte le marquage CE et est accompagn\u00e9 d&rsquo;un manuel d&rsquo;utilisation et d&rsquo;entretien d\u00e9taill\u00e9. Enfin, la peinture avec un appr\u00eat \u00e9poxy et une finition \u00e9maill\u00e9e, apr\u00e8s un processus de sablage, conf\u00e8re \u00e0 la machine une grande r\u00e9sistance \u00e0 la corrosion et \u00e0 l&rsquo;usure, ce qui lui assure une longue dur\u00e9e de vie et un aspect professionnel \u00e0 tout moment.<\/p>\n\t\t\t<h3>Caract\u00e9ristiques g\u00e9n\u00e9rales:<\/h3>\t\t\t\n\t\t\t\t<img decoding=\"async\" src=\"https:\/\/agazzicontainers.com\/wp-content\/uploads\/2023\/11\/agazzi-containers-icona-rossa.png\" alt=\"agazzi-containers-icona-rossa\" title=\"agazzi-containers-icona-rossa\" itemprop=\"image\"\/>\n\t\t\t\t<p>Photocellule pour permettre un d\u00e9marrage automatique du cycle<\/p>\n\t\t\t\t<img decoding=\"async\" src=\"https:\/\/agazzicontainers.com\/wp-content\/uploads\/2023\/11\/agazzi-containers-icona-rossa.png\" alt=\"agazzi-containers-icona-rossa\" title=\"agazzi-containers-icona-rossa\" itemprop=\"image\"\/>\n\t\t\t\t<p>Conteneur con\u00e7u pour faciliter l&rsquo; \u00e9limination des d\u00e9chets<\/p>\n\t\t\t\t<img decoding=\"async\" src=\"https:\/\/agazzicontainers.com\/wp-content\/uploads\/2023\/11\/agazzi-containers-icona-rossa.png\" alt=\"agazzi-containers-icona-rossa\" title=\"agazzi-containers-icona-rossa\" itemprop=\"image\"\/>\n\t\t\t\t<p>Cycle unique avec arr\u00eat automatique<\/p>\n\t\t\t\t<img decoding=\"async\" src=\"https:\/\/agazzicontainers.com\/wp-content\/uploads\/2023\/11\/agazzi-containers-icona-rossa.png\" alt=\"agazzi-containers-icona-rossa\" title=\"agazzi-containers-icona-rossa\" itemprop=\"image\"\/>\n\t\t\t\t<p>R\u00e9glages automatiques ou manuels des cycles de compactage<\/p>\n\t\t\t\t<img decoding=\"async\" src=\"https:\/\/agazzicontainers.com\/wp-content\/uploads\/2023\/11\/agazzi-containers-icona-rossa.png\" alt=\"agazzi-containers-icona-rossa\" title=\"agazzi-containers-icona-rossa\" itemprop=\"image\"\/>\n\t\t\t\t<p>Crochet avant rabattable<\/p>\n\t\t\t\t<img decoding=\"async\" src=\"https:\/\/agazzicontainers.com\/wp-content\/uploads\/2023\/11\/agazzi-containers-icona-rossa.png\" alt=\"agazzi-containers-icona-rossa\" title=\"agazzi-containers-icona-rossa\" itemprop=\"image\"\/>\n\t\t\t\t<p>Porte arri\u00e8re basculante \u00e9tanche \u00e0 ouverture hydraulique<\/p>\n\t\t\t\t<img decoding=\"async\" src=\"https:\/\/agazzicontainers.com\/wp-content\/uploads\/2023\/11\/agazzi-containers-icona-rossa.png\" alt=\"agazzi-containers-icona-rossa\" title=\"agazzi-containers-icona-rossa\" itemprop=\"image\"\/>\n\t\t\t\t<p>D\u00e9claration de conformit\u00e9 CE<\/p>\n\t\t\t\t<img decoding=\"async\" src=\"https:\/\/agazzicontainers.com\/wp-content\/uploads\/2023\/11\/agazzi-containers-icona-rossa.png\" alt=\"agazzi-containers-icona-rossa\" title=\"agazzi-containers-icona-rossa\" itemprop=\"image\"\/>\n\t\t\t\t<p>Peinture avec finition \u00e9poxy et gla\u00e7ure apr\u00e8s grenaillage<\/p>\n<h2>\n\t\tExemples concrets\n\t<\/h2>\n\t\n<table id=\"tablepress-12\" class=\"tablepress tablepress-id-12\">\n<thead>\n<tr class=\"row-1\">\n\t<th class=\"column-1\">MOD\u00c8LE<\/th><th class=\"column-2\">P100<\/th><th class=\"column-3\">P200<\/th><th class=\"column-4\">P300<\/th><th class=\"column-5\">P400<\/th><th class=\"column-6\">P500<\/th>\n<\/tr>\n<\/thead>\n<tbody class=\"row-striping row-hover\">\n<tr class=\"row-2\">\n\t<td class=\"column-1\">Capacit\u00e9<\/td><td class=\"column-2\">21 mc<\/td><td class=\"column-3\">22 mc<\/td><td class=\"column-4\">23 mc<\/td><td class=\"column-5\">24 mc<\/td><td class=\"column-6\">25 mc<\/td>\n<\/tr>\n<tr class=\"row-3\">\n\t<td class=\"column-1\">Longueur maximale<\/td><td class=\"column-2\">6200 mm<\/td><td class=\"column-3\">6400 mm<\/td><td class=\"column-4\">6600 mm<\/td><td class=\"column-5\">6800 mm<\/td><td class=\"column-6\">7000 mm<\/td>\n<\/tr>\n<tr class=\"row-4\">\n\t<td class=\"column-1\">Largeur maximale<\/td><td class=\"column-2\">2500 mm<\/td><td class=\"column-3\">2500 mm<\/td><td class=\"column-4\">2500 mm<\/td><td class=\"column-5\">2500 mm<\/td><td class=\"column-6\">2500 mm<\/td>\n<\/tr>\n<tr class=\"row-5\">\n\t<td class=\"column-1\">Hauteur maximale<\/td><td class=\"column-2\">2600 mm<\/td><td class=\"column-3\">2600 mm<\/td><td class=\"column-4\">2600 mm<\/td><td class=\"column-5\">2600 mm<\/td><td class=\"column-6\">2600 mm<\/td>\n<\/tr>\n<tr class=\"row-6\">\n\t<td class=\"column-1\">Poids<\/td><td class=\"column-2\">4600 kg.<\/td><td class=\"column-3\">4700 kg.<\/td><td class=\"column-4\">4800 kg.<\/td><td class=\"column-5\">4900 kg.<\/td><td class=\"column-6\">5000 kg.<\/td>\n<\/tr>\n<tr class=\"row-7\">\n\t<td class=\"column-1\">Capacit\u00e9 de l\u2019auget<\/td><td class=\"column-2\">5,5 mc.<\/td><td class=\"column-3\">5,5 mc.<\/td><td class=\"column-4\">5,5 mc.<\/td><td class=\"column-5\">5,5 mc.<\/td><td class=\"column-6\">5,5 mc.<\/td>\n<\/tr>\n<tr class=\"row-8\">\n\t<td class=\"column-1\">Largeur de l\u2019auget<\/td><td class=\"column-2\">2100<\/td><td class=\"column-3\">2100<\/td><td class=\"column-4\">2100<\/td><td class=\"column-5\">2100<\/td><td class=\"column-6\">2100<\/td>\n<\/tr>\n<tr class=\"row-9\">\n\t<td class=\"column-1\">Longeur de l\u2019auget<\/td><td class=\"column-2\">1750<\/td><td class=\"column-3\">1750<\/td><td class=\"column-4\">1750<\/td><td class=\"column-5\">1750<\/td><td class=\"column-6\">1750<\/td>\n<\/tr>\n<tr class=\"row-10\">\n\t<td class=\"column-1\">Hauteur de l\u2019auget<\/td><td class=\"column-2\">1250<\/td><td class=\"column-3\">1250<\/td><td class=\"column-4\">1250<\/td><td class=\"column-5\">1250<\/td><td class=\"column-6\">1250<\/td>\n<\/tr>\n<tr class=\"row-11\">\n\t<td class=\"column-1\">Puissance du moteur<\/td><td class=\"column-2\">9,5 kw.<\/td><td class=\"column-3\">9,5 kw.<\/td><td class=\"column-4\">9,5 kw.<\/td><td class=\"column-5\">9,5 kw.<\/td><td class=\"column-6\">9,5 kw.<\/td>\n<\/tr>\n<tr class=\"row-12\">\n\t<td class=\"column-1\">Tension<\/td><td class=\"column-2\">360V<\/td><td class=\"column-3\">360V<\/td><td class=\"column-4\">360V<\/td><td class=\"column-5\">360V<\/td><td class=\"column-6\">360V<\/td>\n<\/tr>\n<tr class=\"row-13\">\n\t<td class=\"column-1\">Temps de cycle<\/td><td class=\"column-2\">27 sec.<\/td><td class=\"column-3\">27 sec.<\/td><td class=\"column-4\">27 sec.<\/td><td class=\"column-5\">27 sec.<\/td><td class=\"column-6\">27 sec.<\/td>\n<\/tr>\n<tr class=\"row-14\">\n\t<td class=\"column-1\">Capacit\u00e9 du reservoir d'huile<\/td><td class=\"column-2\">230 lt.<\/td><td class=\"column-3\">230 lt.<\/td><td class=\"column-4\">230 lt.<\/td><td class=\"column-5\">230 lt.<\/td><td class=\"column-6\">230 lt.<\/td>\n<\/tr>\n<tr class=\"row-15\">\n\t<td class=\"column-1\">Force de pouss\u00e9e <\/td><td class=\"column-2\">50 ton.<\/td><td class=\"column-3\">50 ton.<\/td><td class=\"column-4\">50 ton.<\/td><td class=\"column-5\">50 ton.<\/td><td class=\"column-6\">50 ton.<\/td>\n<\/tr>\n<tr class=\"row-16\">\n\t<td class=\"column-1\">Hayon arri\u00e8re<\/td><td class=\"column-2\">hydraulique<\/td><td class=\"column-3\">hydraulique<\/td><td class=\"column-4\">hydraulique<\/td><td class=\"column-5\">hydraulique<\/td><td class=\"column-6\">hydraulique<\/td>\n<\/tr>\n<tr class=\"row-17\">\n\t<td class=\"column-1\">Panneau de commande \u2013 \u00e9lectronique<\/td><td class=\"column-2\">\u00e9lectronique<\/td><td class=\"column-3\">\u00e9lectronique<\/td><td class=\"column-4\">\u00e9lectronique<\/td><td class=\"column-5\">\u00e9lectronique<\/td><td class=\"column-6\">\u00e9lectronique<\/td>\n<\/tr>\n<\/tbody>\n<\/table>\n<!-- #tablepress-12 from cache -->\n\t\t\t<h3>Soluzioni Opzionali<\/h3>\t\t\t\n\t\t\t\t<img decoding=\"async\" src=\"https:\/\/agazzicontainers.com\/wp-content\/uploads\/2023\/11\/agazzi-containers-icona-rossa.png\" alt=\"agazzi-containers-icona-rossa\" title=\"agazzi-containers-icona-rossa\" itemprop=\"image\"\/>\n\t\t\t\t<p>Porte arri\u00e8re basculante \u00e9tanche \u00e0 ouverture hydraulique<\/p>\n\t\t\t\t<img decoding=\"async\" src=\"https:\/\/agazzicontainers.com\/wp-content\/uploads\/2023\/11\/agazzi-containers-icona-rossa.png\" alt=\"agazzi-containers-icona-rossa\" title=\"agazzi-containers-icona-rossa\" itemprop=\"image\"\/>\n\t\t\t\t<p>Dispositif de levage et de vidage des conteneurs<\/p>\n\t\t\t\t<img decoding=\"async\" src=\"https:\/\/agazzicontainers.com\/wp-content\/uploads\/2023\/11\/agazzi-containers-icona-rossa.png\" alt=\"agazzi-containers-icona-rossa\" title=\"agazzi-containers-icona-rossa\" itemprop=\"image\"\/>\n\t\t\t\t<p>Syst\u00e8me de reconnaissance des utilisateurs<\/p>\n\t\t\t\t<img decoding=\"async\" src=\"https:\/\/agazzicontainers.com\/wp-content\/uploads\/2023\/11\/agazzi-containers-icona-rossa.png\" alt=\"agazzi-containers-icona-rossa\" title=\"agazzi-containers-icona-rossa\" itemprop=\"image\"\/>\n\t\t\t\t<p>Couvercle de bouche de chargement<\/p>\n\t\t\t\t<img decoding=\"async\" src=\"https:\/\/agazzicontainers.com\/wp-content\/uploads\/2023\/11\/agazzi-containers-icona-rossa.png\" alt=\"agazzi-containers-icona-rossa\" title=\"agazzi-containers-icona-rossa\" itemprop=\"image\"\/>\n\t\t\t\t<p>Moteur diesel auxiliaire<\/p>\n\t\t\t\t<img decoding=\"async\" src=\"https:\/\/agazzicontainers.com\/wp-content\/uploads\/2023\/11\/agazzi-containers-icona-rossa.png\" alt=\"agazzi-containers-icona-rossa\" title=\"agazzi-containers-icona-rossa\" itemprop=\"image\"\/>\n\t\t\t\t<p>Photocellule pour permettre un d\u00e9marrage automatique du cycle<\/p>\n\t\t\t\t<img decoding=\"async\" src=\"https:\/\/agazzicontainers.com\/wp-content\/uploads\/2023\/11\/agazzi-containers-icona-rossa.png\" alt=\"agazzi-containers-icona-rossa\" title=\"agazzi-containers-icona-rossa\" itemprop=\"image\"\/>\n\t\t\t\t<p>Capteurs optiques pour activer le v\u00e9hicule \u00e0 l&rsquo;approche des v\u00e9hicules satellites<\/p>\n\t\t\t\t<img loading=\"lazy\" decoding=\"async\" src=\"https:\/\/agazzicontainers.com\/wp-content\/uploads\/2023\/12\/50-anni-esperienza-fr.png\" alt=\"50-anni-esperienza\" itemprop=\"image\" height=\"626\" width=\"601\" title=\"50-anni-esperienza\" onerror=\"this.style.display='none'\"  \/>\n\t<p>\/\/ <\/p>\n\t<h1>V\u00e9hicules, camions et \u00e9quipements sp\u00e9cialis\u00e9s pour le secteur de l&rsquo;\u00e9cologie<\/h1>\n\t\t\t<a href=\"https:\/\/agazzicontainers.com\/nuovo\/\" target=\"_self\" rel=\"noopener\">\n\t\t\t\t\t\tNouveau\n\t\t\t\t\t<\/a>\n\t\t\t<a href=\"https:\/\/agazzicontainers.com\/en\/veicoli-industriali-usati\/\" target=\"_self\" rel=\"noopener\">\n\t\t\t\t\t\tUtilis\u00e9\n\t\t\t\t\t<\/a>\n\t\t\t<a href=\"https:\/\/agazzicontainers.com\/pronta-consegna\/\" target=\"_self\" rel=\"noopener\">\n\t\t\t\t\t\tPr\u00eat pour la livraison\n\t\t\t\t\t<\/a>\n\t\t\t<a href=\"https:\/\/agazzicontainers.com\/en\/servizi\/\" target=\"_self\" rel=\"noopener\">\n\t\t\t\t\t\tServices\n\t\t\t\t\t<\/a>\n\t<p>Notre longue exp\u00e9rience, associ\u00e9e \u00e0 un investissement continu dans l&rsquo;innovation et la technologie, a jou\u00e9 un r\u00f4le crucial. Au fil des ans, nous avons d\u00e9velopp\u00e9 des produits de plus en plus fiables et comp\u00e9titifs. Nous proposons une large gamme de v\u00e9hicules, de camions, d&rsquo;\u00e9quipements industriels et d&rsquo;\u00e9quipements technologiquement avanc\u00e9s, qui peuvent \u00eatre personnalis\u00e9s pour r\u00e9pondre aux besoins sp\u00e9cifiques de chaque client.<\/p>\n\t\t\t\t<img loading=\"lazy\" decoding=\"async\" src=\"https:\/\/agazzicontainers.com\/wp-content\/uploads\/2021\/09\/logo-rina-certificazione-01.jpg\" alt=\"logo-rina-certificazione-01\" itemprop=\"image\" height=\"103\" width=\"158\" title=\"logo-rina-certificazione-01\" onerror=\"this.style.display='none'\"  \/>\n\t<ul>\n<li>5 d\u00e9partements de production<\/li>\n<li>7 000 m\u00e8tres carr\u00e9s de surface couverte<\/li>\n<li>18 000 m\u00e8tres carr\u00e9s de surface ext\u00e9rieure<\/li>\n<\/ul>\n\t<p class=\"wpcf7-contact-form-not-found\"><strong>Erreur\u00a0:<\/strong> Formulaire de contact non trouv\u00e9\u00a0!<\/p>\n\n","protected":false},"excerpt":{"rendered":"<p>Le compacteur \u00e0 pelle est parfait pour r\u00e9duire le volume de mat\u00e9riaux volumineux et de d\u00e9chets organiques. Ce produit est caract\u00e9ris\u00e9 par robustesse et fiabilit\u00e9. Ce compacteur a une porte arri\u00e8re \u00e9tanche et des cylindres de pouss\u00e9e externes qui ne sont pas en contact avec les d\u00e9chets. Le alimentation peut \u00eatre manuelle ou par v\u00e9hicules&hellip;<\/p>\n","protected":false},"author":3,"featured_media":0,"parent":0,"menu_order":0,"comment_status":"closed","ping_status":"closed","template":"","meta":{"footnotes":""},"class_list":["post-6775","page","type-page","status-publish","hentry"],"_links":{"self":[{"href":"https:\/\/agazzicontainers.com\/fr\/wp-json\/wp\/v2\/pages\/6775","targetHints":{"allow":["GET"]}}],"collection":[{"href":"https:\/\/agazzicontainers.com\/fr\/wp-json\/wp\/v2\/pages"}],"about":[{"href":"https:\/\/agazzicontainers.com\/fr\/wp-json\/wp\/v2\/types\/page"}],"author":[{"embeddable":true,"href":"https:\/\/agazzicontainers.com\/fr\/wp-json\/wp\/v2\/users\/3"}],"replies":[{"embeddable":true,"href":"https:\/\/agazzicontainers.com\/fr\/wp-json\/wp\/v2\/comments?post=6775"}],"version-history":[{"count":1,"href":"https:\/\/agazzicontainers.com\/fr\/wp-json\/wp\/v2\/pages\/6775\/revisions"}],"predecessor-version":[{"id":6868,"href":"https:\/\/agazzicontainers.com\/fr\/wp-json\/wp\/v2\/pages\/6775\/revisions\/6868"}],"wp:attachment":[{"href":"https:\/\/agazzicontainers.com\/fr\/wp-json\/wp\/v2\/media?parent=6775"}],"curies":[{"name":"wp","href":"https:\/\/api.w.org\/{rel}","templated":true}]}}