{"id":6778,"date":"2017-07-27T14:43:43","date_gmt":"2017-07-27T12:43:43","guid":{"rendered":"https:\/\/agazzicontainers.com\/catalogo\/containers-e-contenitori-pianali-scarrabili\/"},"modified":"2023-12-13T16:01:04","modified_gmt":"2023-12-13T15:01:04","slug":"containers-e-contenitori-pianali-scarrabili","status":"publish","type":"page","link":"https:\/\/agazzicontainers.com\/fr\/catalogo\/containers-e-contenitori-pianali-scarrabili\/","title":{"rendered":"Conteneurs amovibles et plateaux"},"content":{"rendered":"\n<h1>\n\t\t\n\t<\/h1>\n\t<nav aria-label=\"breadcrumbs\" class=\"rank-math-breadcrumb\"><p><span class=\"last\">Home<\/span><\/p><\/nav>\n\t\t<a href=\"\/fr\/catalogo\/containers-e-contenitori-pianali-scarrabili\/container-rottami-metallici\/\" target=\"_self\" rel=\"noopener\">\n\t\t\t\t\t\t\t\t\t\t\t<img decoding=\"async\" src=\"https:\/\/agazzicontainers.com\/wp-content\/uploads\/2017\/09\/img-cate-agazzi-16.jpg\" alt=\"img-cate-agazzi-16\"\/>\n\t\t\t\t\t\t<h2>\n\t\t\t\t\t\tConteneurs amovibles  pour la collecte de d\u00e9chets\t\t<\/h2>\n\t\t<\/a>\n\t\t<a href=\"\/fr\/containers-e-contenitori-pianali-scarrabili\/container-fanghi-tenuta\/\" target=\"_self\" rel=\"noopener\">\n\t\t\t\t\t\t\t\t\t\t\t<img decoding=\"async\" src=\"https:\/\/agazzicontainers.com\/wp-content\/uploads\/2017\/09\/img-cate-agazzi-17.jpg\" alt=\"img-cate-agazzi-17\"\/>\n\t\t\t\t\t\t<h2>\n\t\t\t\t\t\tConteneurs amovibles  \u00e9tanches\t\t<\/h2>\n\t\t<\/a>\n\t\t<a href=\"\/fr\/containers-e-contenitori-pianali-scarrabili\/container-inerti-speciali\/\" target=\"_self\" rel=\"noopener\">\n\t\t\t\t\t\t\t\t\t\t\t<img decoding=\"async\" src=\"https:\/\/agazzicontainers.com\/wp-content\/uploads\/2017\/09\/img-cate-agazzi-18.jpg\" alt=\"img-cate-agazzi-18\"\/>\n\t\t\t\t\t\t<h2>\n\t\t\t\t\t\tConteneurs Amovibles  et plateaux amovibles\t\t<\/h2>\n\t\t<\/a>\n\t\t<a href=\"\/fr\/containers-e-contenitori-pianali-scarrabili\/containers-legno\/\" target=\"_self\" rel=\"noopener\">\n\t\t\t\t\t\t\t\t\t\t\t<img decoding=\"async\" src=\"https:\/\/agazzicontainers.com\/wp-content\/uploads\/2017\/09\/img-cate-agazzi-19.jpg\" alt=\"img-cate-agazzi-19\"\/>\n\t\t\t\t\t\t<h2>\n\t\t\t\t\t\tConteneurs amoviblespour la r\u00e9colte de bois\t\t<\/h2>\n\t\t<\/a>\n\t\t<a href=\"\/fr\/containers-e-contenitori-pianali-scarrabili\/container-rifiuti\/\" target=\"_self\" rel=\"noopener\">\n\t\t\t\t\t\t\t\t\t\t\t<img decoding=\"async\" src=\"https:\/\/agazzicontainers.com\/wp-content\/uploads\/2017\/09\/img-cate-agazzi-20.jpg\" alt=\"img-cate-agazzi-20\"\/>\n\t\t\t\t\t\t<h2>\n\t\t\t\t\t\tConteneurs amovibles pourla collecte de d\u00e9chets\t\t<\/h2>\n\t\t<\/a>\n\t\t<a href=\"\/fr\/containers-e-contenitori-pianali-scarrabili\/pianali\/\" target=\"_self\" rel=\"noopener\">\n\t\t\t\t\t\t\t\t\t\t\t<img decoding=\"async\" src=\"https:\/\/agazzicontainers.com\/wp-content\/uploads\/2017\/09\/img-cate-agazzi-21.jpg\" alt=\"img-cate-agazzi-21\"\/>\n\t\t\t\t\t\t<h2>\n\t\t\t\t\t\tPlateaux amovibleset conteneurs avec b\u00e2che\t\t<\/h2>\n\t\t<\/a>\n\t\t<a href=\"\/fr\/containers-e-contenitori-pianali-scarrabili\/presse-stazionarie\/\" target=\"_self\" rel=\"noopener\">\n\t\t\t\t\t\t\t\t\t\t\t<img decoding=\"async\" src=\"https:\/\/agazzicontainers.com\/wp-content\/uploads\/2017\/09\/img-cate-agazzi-22.jpg\" alt=\"\"\/>\n\t\t\t\t\t\t<h2>\n\t\t\t\t\t\tConteneurs amovibles pour  compacteur \u00e0 poste fixe\t\t<\/h2>\n\t\t<\/a>\n\t\t<a href=\"\/fr\/containers-e-contenitori-pianali-scarrabili\/contenitori-benne-pianali\/\" target=\"_self\" rel=\"noopener\">\n\t\t\t\t\t\t\t\t\t\t\t<img decoding=\"async\" src=\"https:\/\/agazzicontainers.com\/wp-content\/uploads\/2017\/09\/img-cate-agazzi-11.jpg\" alt=\"img-cate-agazzi-11\"\/>\n\t\t\t\t\t\t<h2>\n\t\t\t\t\t\tConteneurs et bennes\t\t<\/h2>\n\t\t<\/a>\n\n","protected":false},"excerpt":{"rendered":"<p>Conteneurs amovibles pour la collecte de d\u00e9chets Conteneurs amovibles \u00e9tanches Conteneurs Amovibles et plateaux amovibles Conteneurs amoviblespour la r\u00e9colte de bois Conteneurs amovibles pourla collecte de d\u00e9chets Plateaux amovibleset conteneurs avec b\u00e2che Conteneurs amovibles pour compacteur \u00e0 poste fixe Conteneurs et bennes<\/p>\n","protected":false},"author":3,"featured_media":0,"parent":6745,"menu_order":0,"comment_status":"closed","ping_status":"closed","template":"","meta":{"footnotes":""},"class_list":["post-6778","page","type-page","status-publish","hentry"],"_links":{"self":[{"href":"https:\/\/agazzicontainers.com\/fr\/wp-json\/wp\/v2\/pages\/6778","targetHints":{"allow":["GET"]}}],"collection":[{"href":"https:\/\/agazzicontainers.com\/fr\/wp-json\/wp\/v2\/pages"}],"about":[{"href":"https:\/\/agazzicontainers.com\/fr\/wp-json\/wp\/v2\/types\/page"}],"author":[{"embeddable":true,"href":"https:\/\/agazzicontainers.com\/fr\/wp-json\/wp\/v2\/users\/3"}],"replies":[{"embeddable":true,"href":"https:\/\/agazzicontainers.com\/fr\/wp-json\/wp\/v2\/comments?post=6778"}],"version-history":[{"count":1,"href":"https:\/\/agazzicontainers.com\/fr\/wp-json\/wp\/v2\/pages\/6778\/revisions"}],"predecessor-version":[{"id":6870,"href":"https:\/\/agazzicontainers.com\/fr\/wp-json\/wp\/v2\/pages\/6778\/revisions\/6870"}],"up":[{"embeddable":true,"href":"https:\/\/agazzicontainers.com\/fr\/wp-json\/wp\/v2\/pages\/6745"}],"wp:attachment":[{"href":"https:\/\/agazzicontainers.com\/fr\/wp-json\/wp\/v2\/media?parent=6778"}],"curies":[{"name":"wp","href":"https:\/\/api.w.org\/{rel}","templated":true}]}}