{"id":6783,"date":"2017-07-27T16:42:29","date_gmt":"2017-07-27T14:42:29","guid":{"rendered":"https:\/\/agazzicontainers.com\/catalogo\/containers-e-contenitori-pianali-scarrabili\/container-fanghi-tenuta\/"},"modified":"2023-12-13T16:02:37","modified_gmt":"2023-12-13T15:02:37","slug":"container-fanghi-tenuta","status":"publish","type":"page","link":"https:\/\/agazzicontainers.com\/fr\/catalogo\/containers-e-contenitori-pianali-scarrabili\/container-fanghi-tenuta\/","title":{"rendered":"Conteneurs amovibles \u00e9tanches"},"content":{"rendered":"\n<h1>\n\t\t\n\t<\/h1>\n\t<nav aria-label=\"breadcrumbs\" class=\"rank-math-breadcrumb\"><p><span class=\"last\">Home<\/span><\/p><\/nav>\n<p>Ces conteneurs \u00e9tanches sont con\u00e7us pour le confinement des liquides en \u00e9vitant les d\u00e9versements.<\/p>\n\t\t\t<a href=\"#form-2023\" target=\"_self\" rel=\"noopener\">\n\t\t\t\t\t\tDemander plus d&rsquo;informations\n\t\t\t\t\t<\/a>\n\t\t\t\t<p>Allestimenti su veicoli <br \/>2 &#8211; 3 &#8211; 4 assi<\/p>\n\t\t\t\t<p>Attrezzature da 3 a 35 ton.<\/p>\n\t\t\t\t<p>Braccio telescopico o articolato<\/p>\n\t\t\t\t<p>Bloccaggi posteriori e anteriori esterni<\/p>\n\t\t\t\t<p>Doppi comandi con pulsantiera elettrica<\/p>\n\t\t\t\t<p>Attacchi rapidi per apertura portelloni idraulici<\/p>\n\t\t\t\t<p>Impianto per servizio rimorchio<\/p>\n\t\t\t\t<p>Deviatore per servizio gru<\/p>\n\t\t\t\t<p>Rullo stabilizzatore verticale<\/p>\n\t<p class=\"wpcf7-contact-form-not-found\"><strong>Erreur\u00a0:<\/strong> Formulaire de contact non trouv\u00e9\u00a0!<\/p>\n\n","protected":false},"excerpt":{"rendered":"<p>Ces conteneurs \u00e9tanches sont con\u00e7us pour le confinement des liquides en \u00e9vitant les d\u00e9versements. Demander plus d&rsquo;informations Allestimenti su veicoli 2 &#8211; 3 &#8211; 4 assi Attrezzature da 3 a 35 ton. Braccio telescopico o articolato Bloccaggi posteriori e anteriori esterni Doppi comandi con pulsantiera elettrica Attacchi rapidi per apertura portelloni idraulici Impianto per servizio&hellip;<\/p>\n","protected":false},"author":3,"featured_media":0,"parent":6778,"menu_order":0,"comment_status":"closed","ping_status":"closed","template":"","meta":{"footnotes":""},"class_list":["post-6783","page","type-page","status-publish","hentry"],"_links":{"self":[{"href":"https:\/\/agazzicontainers.com\/fr\/wp-json\/wp\/v2\/pages\/6783","targetHints":{"allow":["GET"]}}],"collection":[{"href":"https:\/\/agazzicontainers.com\/fr\/wp-json\/wp\/v2\/pages"}],"about":[{"href":"https:\/\/agazzicontainers.com\/fr\/wp-json\/wp\/v2\/types\/page"}],"author":[{"embeddable":true,"href":"https:\/\/agazzicontainers.com\/fr\/wp-json\/wp\/v2\/users\/3"}],"replies":[{"embeddable":true,"href":"https:\/\/agazzicontainers.com\/fr\/wp-json\/wp\/v2\/comments?post=6783"}],"version-history":[{"count":1,"href":"https:\/\/agazzicontainers.com\/fr\/wp-json\/wp\/v2\/pages\/6783\/revisions"}],"predecessor-version":[{"id":6872,"href":"https:\/\/agazzicontainers.com\/fr\/wp-json\/wp\/v2\/pages\/6783\/revisions\/6872"}],"up":[{"embeddable":true,"href":"https:\/\/agazzicontainers.com\/fr\/wp-json\/wp\/v2\/pages\/6778"}],"wp:attachment":[{"href":"https:\/\/agazzicontainers.com\/fr\/wp-json\/wp\/v2\/media?parent=6783"}],"curies":[{"name":"wp","href":"https:\/\/api.w.org\/{rel}","templated":true}]}}