{"id":6795,"date":"2017-07-27T16:54:59","date_gmt":"2017-07-27T14:54:59","guid":{"rendered":"https:\/\/agazzicontainers.com\/catalogo\/containers-e-contenitori-pianali-scarrabili\/presse-stazionarie\/"},"modified":"2023-12-13T16:12:02","modified_gmt":"2023-12-13T15:12:02","slug":"presse-stazionarie","status":"publish","type":"page","link":"https:\/\/agazzicontainers.com\/fr\/catalogo\/containers-e-contenitori-pianali-scarrabili\/presse-stazionarie\/","title":{"rendered":"Conteneurs amovibles pour compacteur \u00e0 poste fixe"},"content":{"rendered":"\n<h1>\n\t\t\n\t<\/h1>\n\t<nav aria-label=\"breadcrumbs\" class=\"rank-math-breadcrumb\"><p><span class=\"last\">Home<\/span><\/p><\/nav>\nNous produisons compacteur \u00e0 poste fixe et compacteurs amovibles une force de pouss\u00e9e de 50-100 tonnes.\n\t\t\t<a href=\"#form-2023\" target=\"_self\" rel=\"noopener\">\n\t\t\t\t\t\tDemander plus d&rsquo;informations\n\t\t\t\t\t<\/a>\n\t\t\t<h3>Caract\u00e9ristiques g\u00e9n\u00e9rales:<\/h3>\t\t\t\n\t\t\t\t<img decoding=\"async\" src=\"https:\/\/agazzicontainers.com\/wp-content\/uploads\/2023\/11\/agazzi-containers-icona-rossa.png\" alt=\"agazzi-containers-icona-rossa\" title=\"agazzi-containers-icona-rossa\" itemprop=\"image\"\/>\n\t\t\t\t<p>Presses d&rsquo;une pouss\u00e9e de 50 \u00e0 100 tonnes.<\/p>\n\t\t\t\t<img decoding=\"async\" src=\"https:\/\/agazzicontainers.com\/wp-content\/uploads\/2023\/11\/agazzi-containers-icona-rossa.png\" alt=\"agazzi-containers-icona-rossa\" title=\"agazzi-containers-icona-rossa\" itemprop=\"image\"\/>\n\t\t\t\t<p>Conception et construction selon les exigences sp\u00e9cifiques du client<\/p>\n\t\t\t\t<img decoding=\"async\" src=\"https:\/\/agazzicontainers.com\/wp-content\/uploads\/2023\/11\/agazzi-containers-icona-rossa.png\" alt=\"agazzi-containers-icona-rossa\" title=\"agazzi-containers-icona-rossa\" itemprop=\"image\"\/>\n\t\t\t\t<p>Id\u00e9al pour la r\u00e9duction du volume de mat\u00e9riaux tels que le papier, le carton, les emballages mixtes et encombrants<\/p>\n\t<p class=\"wpcf7-contact-form-not-found\"><strong>Erreur\u00a0:<\/strong> Formulaire de contact non trouv\u00e9\u00a0!<\/p>\n\n","protected":false},"excerpt":{"rendered":"<p>Nous produisons compacteur \u00e0 poste fixe et compacteurs amovibles une force de pouss\u00e9e de 50-100 tonnes. Demander plus d&rsquo;informations Caract\u00e9ristiques g\u00e9n\u00e9rales: Presses d&rsquo;une pouss\u00e9e de 50 \u00e0 100 tonnes. Conception et construction selon les exigences sp\u00e9cifiques du client Id\u00e9al pour la r\u00e9duction du volume de mat\u00e9riaux tels que le papier, le carton, les emballages mixtes&hellip;<\/p>\n","protected":false},"author":3,"featured_media":0,"parent":6778,"menu_order":0,"comment_status":"closed","ping_status":"closed","template":"","meta":{"footnotes":""},"class_list":["post-6795","page","type-page","status-publish","hentry"],"_links":{"self":[{"href":"https:\/\/agazzicontainers.com\/fr\/wp-json\/wp\/v2\/pages\/6795","targetHints":{"allow":["GET"]}}],"collection":[{"href":"https:\/\/agazzicontainers.com\/fr\/wp-json\/wp\/v2\/pages"}],"about":[{"href":"https:\/\/agazzicontainers.com\/fr\/wp-json\/wp\/v2\/types\/page"}],"author":[{"embeddable":true,"href":"https:\/\/agazzicontainers.com\/fr\/wp-json\/wp\/v2\/users\/3"}],"replies":[{"embeddable":true,"href":"https:\/\/agazzicontainers.com\/fr\/wp-json\/wp\/v2\/comments?post=6795"}],"version-history":[{"count":1,"href":"https:\/\/agazzicontainers.com\/fr\/wp-json\/wp\/v2\/pages\/6795\/revisions"}],"predecessor-version":[{"id":6875,"href":"https:\/\/agazzicontainers.com\/fr\/wp-json\/wp\/v2\/pages\/6795\/revisions\/6875"}],"up":[{"embeddable":true,"href":"https:\/\/agazzicontainers.com\/fr\/wp-json\/wp\/v2\/pages\/6778"}],"wp:attachment":[{"href":"https:\/\/agazzicontainers.com\/fr\/wp-json\/wp\/v2\/media?parent=6795"}],"curies":[{"name":"wp","href":"https:\/\/api.w.org\/{rel}","templated":true}]}}