{"id":6804,"date":"2017-07-27T14:27:00","date_gmt":"2017-07-27T12:27:00","guid":{"rendered":"https:\/\/agazzicontainers.com\/rimorchi-carrello-scarramento\/"},"modified":"2023-12-13T15:00:38","modified_gmt":"2023-12-13T14:00:38","slug":"rimorchi-carrello-scarramento","status":"publish","type":"page","link":"https:\/\/agazzicontainers.com\/fr\/rimorchi-carrello-scarramento\/","title":{"rendered":"Remorques amovibles"},"content":{"rendered":"\n<h1>\n\t\t\n\t<\/h1>\n\t<nav aria-label=\"breadcrumbs\" class=\"rank-math-breadcrumb\"><p><span class=\"last\">Home<\/span><\/p><\/nav>\n\tLes remorques \u00e9quip\u00e9es avec chariot de transfert se caract\u00e9risent par une grande fiabilit\u00e9.<br \/>\nCes remorques s&rsquo;adaptent \u00e0 tous les types de carrosserie interchangeable tels que les conteneurs amovibles, les conteneurs avec grues, les citernes, les compacteurs etc.\n\t\t\t<a href=\"#form-2023\" target=\"_self\" rel=\"noopener\">\n\t\t\t\t\t\tDemander plus d&rsquo;informations\n\t\t\t\t\t<\/a>\n\t\t\t<h3>Caract\u00e9ristiques g\u00e9n\u00e9rales:<\/h3>\t\t\t\n\t\t\t\t<img decoding=\"async\" src=\"https:\/\/agazzicontainers.com\/wp-content\/uploads\/2023\/11\/agazzi-containers-icona-rossa.png\" alt=\"agazzi-containers-icona-rossa\" title=\"agazzi-containers-icona-rossa\" itemprop=\"image\"\/>\n\t\t\t\t<p>Remorques 2 &#8211; 3 essieux<\/p>\n\t\t\t\t<img decoding=\"async\" src=\"https:\/\/agazzicontainers.com\/wp-content\/uploads\/2023\/11\/agazzi-containers-icona-rossa.png\" alt=\"agazzi-containers-icona-rossa\" title=\"agazzi-containers-icona-rossa\" itemprop=\"image\"\/>\n\t\t\t\t<p>Suspensions pneumatiques<\/p>\n\t\t\t\t<img decoding=\"async\" src=\"https:\/\/agazzicontainers.com\/wp-content\/uploads\/2023\/11\/agazzi-containers-icona-rossa.png\" alt=\"agazzi-containers-icona-rossa\" title=\"agazzi-containers-icona-rossa\" itemprop=\"image\"\/>\n\t\t\t\t<p>Syst\u00e8me de freinage EBS<\/p>\n\t\t\t\t<img decoding=\"async\" src=\"https:\/\/agazzicontainers.com\/wp-content\/uploads\/2023\/11\/agazzi-containers-icona-rossa.png\" alt=\"agazzi-containers-icona-rossa\" title=\"agazzi-containers-icona-rossa\" itemprop=\"image\"\/>\n\t\t\t\t<p>Longueurs de corps de 6,00 \u00e0 7,50 mt<\/p>\n\t\t\t\t<img decoding=\"async\" src=\"https:\/\/agazzicontainers.com\/wp-content\/uploads\/2023\/11\/agazzi-containers-icona-rossa.png\" alt=\"agazzi-containers-icona-rossa\" title=\"agazzi-containers-icona-rossa\" itemprop=\"image\"\/>\n\t\t\t\t<p>Chariot coulissant pour carrosserie interchangeable<\/p>\n\t\t\t\t<img decoding=\"async\" src=\"https:\/\/agazzicontainers.com\/wp-content\/uploads\/2023\/11\/agazzi-containers-icona-rossa.png\" alt=\"agazzi-containers-icona-rossa\" title=\"agazzi-containers-icona-rossa\" itemprop=\"image\"\/>\n\t\t\t\t<p>Verrouillage hydraulique externes et \/ ou internes<\/p>\n\t\t\t\t<img decoding=\"async\" src=\"https:\/\/agazzicontainers.com\/wp-content\/uploads\/2023\/11\/agazzi-containers-icona-rossa.png\" alt=\"agazzi-containers-icona-rossa\" title=\"agazzi-containers-icona-rossa\" itemprop=\"image\"\/>\n\t\t\t\t<p>Cycle de sablage et peinture<\/p>\n\t\t\t\t<img decoding=\"async\" src=\"https:\/\/agazzicontainers.com\/wp-content\/uploads\/2023\/11\/agazzi-containers-icona-rossa.png\" alt=\"agazzi-containers-icona-rossa\" title=\"agazzi-containers-icona-rossa\" itemprop=\"image\"\/>\n\t\t\t\t<p>Unit\u00e9 de commande \u00e9lectro hydraulique<\/p>\n\t\t\t\t<img decoding=\"async\" src=\"https:\/\/agazzicontainers.com\/wp-content\/uploads\/2023\/11\/agazzi-containers-icona-rossa.png\" alt=\"agazzi-containers-icona-rossa\" title=\"agazzi-containers-icona-rossa\" itemprop=\"image\"\/>\n\t\t\t\t<p>ADR test<\/p>\n<h4>\n\t\tExemples concrets\n\t<\/h4>\n\t<p class=\"wpcf7-contact-form-not-found\"><strong>Erreur\u00a0:<\/strong> Formulaire de contact non trouv\u00e9\u00a0!<\/p>\n\n","protected":false},"excerpt":{"rendered":"<p>Les remorques \u00e9quip\u00e9es avec chariot de transfert se caract\u00e9risent par une grande fiabilit\u00e9. Ces remorques s&rsquo;adaptent \u00e0 tous les types de carrosserie interchangeable tels que les conteneurs amovibles, les conteneurs avec grues, les citernes, les compacteurs etc. Demander plus d&rsquo;informations Caract\u00e9ristiques g\u00e9n\u00e9rales: Remorques 2 &#8211; 3 essieux Suspensions pneumatiques Syst\u00e8me de freinage EBS Longueurs de&hellip;<\/p>\n","protected":false},"author":3,"featured_media":0,"parent":0,"menu_order":0,"comment_status":"closed","ping_status":"closed","template":"","meta":{"footnotes":""},"class_list":["post-6804","page","type-page","status-publish","hentry"],"_links":{"self":[{"href":"https:\/\/agazzicontainers.com\/fr\/wp-json\/wp\/v2\/pages\/6804","targetHints":{"allow":["GET"]}}],"collection":[{"href":"https:\/\/agazzicontainers.com\/fr\/wp-json\/wp\/v2\/pages"}],"about":[{"href":"https:\/\/agazzicontainers.com\/fr\/wp-json\/wp\/v2\/types\/page"}],"author":[{"embeddable":true,"href":"https:\/\/agazzicontainers.com\/fr\/wp-json\/wp\/v2\/users\/3"}],"replies":[{"embeddable":true,"href":"https:\/\/agazzicontainers.com\/fr\/wp-json\/wp\/v2\/comments?post=6804"}],"version-history":[{"count":1,"href":"https:\/\/agazzicontainers.com\/fr\/wp-json\/wp\/v2\/pages\/6804\/revisions"}],"predecessor-version":[{"id":6806,"href":"https:\/\/agazzicontainers.com\/fr\/wp-json\/wp\/v2\/pages\/6804\/revisions\/6806"}],"wp:attachment":[{"href":"https:\/\/agazzicontainers.com\/fr\/wp-json\/wp\/v2\/media?parent=6804"}],"curies":[{"name":"wp","href":"https:\/\/api.w.org\/{rel}","templated":true}]}}