{"id":6822,"date":"2023-12-13T15:20:12","date_gmt":"2023-12-13T14:20:12","guid":{"rendered":"https:\/\/agazzicontainers.com\/contacts\/"},"modified":"2023-12-14T08:41:31","modified_gmt":"2023-12-14T07:41:31","slug":"contacts","status":"publish","type":"page","link":"https:\/\/agazzicontainers.com\/fr\/contacts\/","title":{"rendered":"Contacts"},"content":{"rendered":"\n<h1>\n\t\t\n\t<\/h1>\n\t<nav aria-label=\"breadcrumbs\" class=\"rank-math-breadcrumb\"><p><span class=\"last\">Home<\/span><\/p><\/nav>\n<h4>\n\t\tRemplissez le formulaire pour obtenir des informations :\n\t<\/h4>\n\t<p class=\"wpcf7-contact-form-not-found\"><strong>Erreur\u00a0:<\/strong> Formulaire de contact non trouv\u00e9\u00a0!<\/p>\n<h3>\n\t\tNos r\u00e9f\u00e9rences :\n\t<\/h3>\n\t\t\t<h3>O\u00f9 nous sommes<\/h3>\t\t\t\n\t\t\t\tVia Landri 1 &#8211; 24060<br \/>\ncosta di mezzate (Bg)\n\t\t\t<h3>Mail<\/h3>\t\t\t\n\t\t\t\t<p>info@agazzicontainers.com<\/p>\n\t\t\t<h3>T\u00e9l\u00e9phone<\/h3>\t\t\t\n\t\t\t\t<p><a href=\"tel:035.681552\">+39.035.681552\u00a0<\/a><a href=\"tel:035.686074\">+39.035.686074<\/a><\/p>\n\t\t\t<h3>Postes \u00e0 pourvoir :<\/h3>\t\t\t\n\t\t\t\t<p>Soudeur sp\u00e9cialis\u00e9<\/p>\n\t<iframe src=\"https:\/\/www.google.com\/maps\/embed\/v1\/place?q=Via+Landri+1+-+24060+costa+di+mezzate+%28Bg%29&#038;key=AIzaSyD09zQ9PNDNNy9TadMuzRV_UsPUoWKntt8\" aria-hidden=\"true\"><\/iframe>\n\n","protected":false},"excerpt":{"rendered":"<p>Remplissez le formulaire pour obtenir des informations : Nos r\u00e9f\u00e9rences : O\u00f9 nous sommes Via Landri 1 &#8211; 24060 costa di mezzate (Bg) Mail info@agazzicontainers.com T\u00e9l\u00e9phone +39.035.681552\u00a0+39.035.686074 Postes \u00e0 pourvoir : Soudeur sp\u00e9cialis\u00e9<\/p>\n","protected":false},"author":3,"featured_media":0,"parent":0,"menu_order":0,"comment_status":"closed","ping_status":"closed","template":"","meta":{"footnotes":""},"class_list":["post-6822","page","type-page","status-publish","hentry"],"_links":{"self":[{"href":"https:\/\/agazzicontainers.com\/fr\/wp-json\/wp\/v2\/pages\/6822","targetHints":{"allow":["GET"]}}],"collection":[{"href":"https:\/\/agazzicontainers.com\/fr\/wp-json\/wp\/v2\/pages"}],"about":[{"href":"https:\/\/agazzicontainers.com\/fr\/wp-json\/wp\/v2\/types\/page"}],"author":[{"embeddable":true,"href":"https:\/\/agazzicontainers.com\/fr\/wp-json\/wp\/v2\/users\/3"}],"replies":[{"embeddable":true,"href":"https:\/\/agazzicontainers.com\/fr\/wp-json\/wp\/v2\/comments?post=6822"}],"version-history":[{"count":1,"href":"https:\/\/agazzicontainers.com\/fr\/wp-json\/wp\/v2\/pages\/6822\/revisions"}],"predecessor-version":[{"id":6880,"href":"https:\/\/agazzicontainers.com\/fr\/wp-json\/wp\/v2\/pages\/6822\/revisions\/6880"}],"wp:attachment":[{"href":"https:\/\/agazzicontainers.com\/fr\/wp-json\/wp\/v2\/media?parent=6822"}],"curies":[{"name":"wp","href":"https:\/\/api.w.org\/{rel}","templated":true}]}}