{"id":6823,"date":"2017-07-27T14:51:35","date_gmt":"2017-07-27T12:51:35","guid":{"rendered":"https:\/\/agazzicontainers.com\/catalogo\/containers-e-contenitori-pianali-scarrabili\/contenitori-benne-pianali\/"},"modified":"2023-12-13T16:12:42","modified_gmt":"2023-12-13T15:12:42","slug":"contenitori-benne-pianali","status":"publish","type":"page","link":"https:\/\/agazzicontainers.com\/fr\/catalogo\/containers-e-contenitori-pianali-scarrabili\/contenitori-benne-pianali\/","title":{"rendered":"Conteneurs et bennes"},"content":{"rendered":"\n<h1>\n\t\t\n\t<\/h1>\n\t<nav aria-label=\"breadcrumbs\" class=\"rank-math-breadcrumb\"><p><span class=\"last\">Home<\/span><\/p><\/nav>\n\t<p>Nous offrons \u00e0 nos clients diff\u00e9rents r\u00e9cipients pour la collecte des mat\u00e9riaux ferreux et des d\u00e9chets, comme par exemple bennes, multi-bennes, les plateaux ridelles aluminium.<\/p>\n\t\t\t<a href=\"#form-2023\" target=\"_self\" rel=\"noopener\">\n\t\t\t\t\t\tDemander plus d&rsquo;informations\n\t\t\t\t\t<\/a>\n\t\t\t<h3>Caract\u00e9ristiques g\u00e9n\u00e9rales:<\/h3>\t\t\t\n\t\t\t\t<img decoding=\"async\" src=\"https:\/\/agazzicontainers.com\/wp-content\/uploads\/2023\/11\/agazzi-containers-icona-rossa.png\" alt=\"agazzi-containers-icona-rossa\" title=\"agazzi-containers-icona-rossa\" itemprop=\"image\"\/>\n\t\t\t\t<p>Bo\u00eetier en acier de haute qualit\u00e9<\/p>\n\t\t\t\t<img decoding=\"async\" src=\"https:\/\/agazzicontainers.com\/wp-content\/uploads\/2023\/11\/agazzi-containers-icona-rossa.png\" alt=\"agazzi-containers-icona-rossa\" title=\"agazzi-containers-icona-rossa\" itemprop=\"image\"\/>\n\t\t\t\t<p>Bennes pour syst\u00e8me multi-bennes fabriqu\u00e9s en FE360b<\/p>\n\t\t\t\t<img decoding=\"async\" src=\"https:\/\/agazzicontainers.com\/wp-content\/uploads\/2023\/11\/agazzi-containers-icona-rossa.png\" alt=\"agazzi-containers-icona-rossa\" title=\"agazzi-containers-icona-rossa\" itemprop=\"image\"\/>\n\t\t\t\t<p>Godets \u00e0 basculement hydraulique via des raccords rapides pour chariots \u00e9l\u00e9vateurs<\/p>\n\t\t\t\t<img decoding=\"async\" src=\"https:\/\/agazzicontainers.com\/wp-content\/uploads\/2023\/11\/agazzi-containers-icona-rossa.png\" alt=\"agazzi-containers-icona-rossa\" title=\"agazzi-containers-icona-rossa\" itemprop=\"image\"\/>\n\t\t\t\t<p>Bennes pour la collecte des d\u00e9chets<\/p>\n\t\t\t\t<img decoding=\"async\" src=\"https:\/\/agazzicontainers.com\/wp-content\/uploads\/2023\/11\/agazzi-containers-icona-rossa.png\" alt=\"agazzi-containers-icona-rossa\" title=\"agazzi-containers-icona-rossa\" itemprop=\"image\"\/>\n\t\t\t\t<p>Plateaux ridelles TP1 ou TR5 (test ADR sur demande)<\/p>\n<h2>\n\t\tExemples concrets\n\t<\/h2>\n\t<p class=\"wpcf7-contact-form-not-found\"><strong>Erreur\u00a0:<\/strong> Formulaire de contact non trouv\u00e9\u00a0!<\/p>\n\n","protected":false},"excerpt":{"rendered":"<p>Nous offrons \u00e0 nos clients diff\u00e9rents r\u00e9cipients pour la collecte des mat\u00e9riaux ferreux et des d\u00e9chets, comme par exemple bennes, multi-bennes, les plateaux ridelles aluminium. Demander plus d&rsquo;informations Caract\u00e9ristiques g\u00e9n\u00e9rales: Bo\u00eetier en acier de haute qualit\u00e9 Bennes pour syst\u00e8me multi-bennes fabriqu\u00e9s en FE360b Godets \u00e0 basculement hydraulique via des raccords rapides pour chariots \u00e9l\u00e9vateurs Bennes&hellip;<\/p>\n","protected":false},"author":3,"featured_media":0,"parent":6778,"menu_order":0,"comment_status":"closed","ping_status":"closed","template":"","meta":{"footnotes":""},"class_list":["post-6823","page","type-page","status-publish","hentry"],"_links":{"self":[{"href":"https:\/\/agazzicontainers.com\/fr\/wp-json\/wp\/v2\/pages\/6823","targetHints":{"allow":["GET"]}}],"collection":[{"href":"https:\/\/agazzicontainers.com\/fr\/wp-json\/wp\/v2\/pages"}],"about":[{"href":"https:\/\/agazzicontainers.com\/fr\/wp-json\/wp\/v2\/types\/page"}],"author":[{"embeddable":true,"href":"https:\/\/agazzicontainers.com\/fr\/wp-json\/wp\/v2\/users\/3"}],"replies":[{"embeddable":true,"href":"https:\/\/agazzicontainers.com\/fr\/wp-json\/wp\/v2\/comments?post=6823"}],"version-history":[{"count":1,"href":"https:\/\/agazzicontainers.com\/fr\/wp-json\/wp\/v2\/pages\/6823\/revisions"}],"predecessor-version":[{"id":6876,"href":"https:\/\/agazzicontainers.com\/fr\/wp-json\/wp\/v2\/pages\/6823\/revisions\/6876"}],"up":[{"embeddable":true,"href":"https:\/\/agazzicontainers.com\/fr\/wp-json\/wp\/v2\/pages\/6778"}],"wp:attachment":[{"href":"https:\/\/agazzicontainers.com\/fr\/wp-json\/wp\/v2\/media?parent=6823"}],"curies":[{"name":"wp","href":"https:\/\/api.w.org\/{rel}","templated":true}]}}